{"id":7,"date":"2018-08-05T17:48:23","date_gmt":"2018-08-05T15:48:23","guid":{"rendered":"http:\/\/spv-meissen.de\/?page_id=7"},"modified":"2022-01-23T18:36:39","modified_gmt":"2022-01-23T17:36:39","slug":"startseite","status":"publish","type":"page","link":"https:\/\/spv-meissen.de\/cs\/","title":{"rendered":"Startseite"},"content":{"rendered":"<h2>M\u00ed\u0161e\u0148 udr\u017e\u00ed vztahy k 6 partnersk\u00fdm m\u011bst\u016fm v cel\u00e9m sv\u011bt\u011b:<\/h2>\n<p>U\u017e roku 1964 bylo ujedn\u00e1no prvn\u00ed partnerstv\u00ed s m\u011bstem Vitry-sur-Seine ve Francii.<\/p>\n<p>S m\u011bstem Arita-cho v Japonsku M\u00ed\u0161e\u0148 spojuje v\u00fdroba porcel\u00e1nu a od roku 1979 tak\u00e9 m\u011bstsk\u00e9 partnerstv\u00ed.<\/p>\n<p>Tradi\u010dn\u00ed vina\u0159stv\u00ed ve Fellbachu \/ Baden-W\u00fcrttenbersko a v M\u00ed\u0161ni zalo\u017eilo v roce 1987 partnerstv\u00ed obou m\u011bst.<\/p>\n<p>Od roku 1996 existuj\u00ed spojen\u00ed k \u0159eck\u00e9mu m\u011bstu Korfu, sv\u011btov\u00e9 kulturn\u00ed d\u011bdictv\u00ed UNESCO, a k Litom\u011b\u0159ici v Severn\u00edch \u010cech\u00e1ch v \u010cesk\u00e9 republice, historick\u00e9 m\u011bsto nad Labem s tradi\u010dn\u00edm vina\u0159stv\u00edm.<\/p>\n<p>Pom\u011brn\u011b mlad\u00e9, zalo\u017eeno v roce 2001, je partnerstv\u00ed s m\u011bstem Provo \/ USA. Dal\u0161\u00ed informace najdete pod: <a href=\"https:\/\/www.stadt-meissen.de\/\" target=\"_blank\" rel=\"noopener\">www.stadt-meissen.de<\/a><\/p>\n","protected":false},"excerpt":{"rendered":"<p>M\u00ed\u0161e\u0148 udr\u017e\u00ed vztahy k 6 partnersk\u00fdm m\u011bst\u016fm v cel\u00e9m sv\u011bt\u011b: U\u017e roku 1964 bylo ujedn\u00e1no prvn\u00ed partnerstv\u00ed s m\u011bstem Vitry-sur-Seine ve Francii. S m\u011bstem Arita-cho v Japonsku M\u00ed\u0161e\u0148 spojuje v\u00fdroba porcel\u00e1nu a od roku 1979 tak\u00e9 m\u011bstsk\u00e9 partnerstv\u00ed. Tradi\u010dn\u00ed vina\u0159stv\u00ed ve Fellbachu \/ Baden-W\u00fcrttenbersko a v M\u00ed\u0161ni zalo\u017eilo v roce 1987 partnerstv\u00ed obou m\u011bst. Od roku 1996 existuj\u00ed spojen\u00ed k \u0159eck\u00e9mu m\u011bstu Korfu, sv\u011btov\u00e9 kulturn\u00ed d\u011bdictv\u00ed UNESCO, a k Litom\u011b\u0159ici v Severn\u00edch \u010cech\u00e1ch v \u010cesk\u00e9 republice, historick\u00e9 m\u011bsto nad Labem s tradi\u010dn\u00edm vina\u0159stv\u00edm. Pom\u011brn\u011b mlad\u00e9, zalo\u017eeno v roce 2001, je partnerstv\u00ed s m\u011bstem Provo \/ USA. Dal\u0161\u00ed informace najdete pod: www.stadt-meissen.de<\/p>\n","protected":false},"author":2,"featured_media":50,"parent":0,"menu_order":0,"comment_status":"closed","ping_status":"closed","template":"","meta":{"footnotes":""},"class_list":["post-7","page","type-page","status-publish","has-post-thumbnail","hentry"],"translation":{"provider":"WPGlobus","version":"3.0.2","language":"cs","enabled_languages":["de","fr","ja","el","cs","en","pl"],"languages":{"de":{"title":true,"content":true,"excerpt":false},"fr":{"title":false,"content":false,"excerpt":false},"ja":{"title":false,"content":false,"excerpt":false},"el":{"title":false,"content":false,"excerpt":false},"cs":{"title":true,"content":true,"excerpt":false},"en":{"title":true,"content":true,"excerpt":false},"pl":{"title":false,"content":false,"excerpt":false}}},"jetpack_sharing_enabled":true,"_links":{"self":[{"href":"https:\/\/spv-meissen.de\/cs\/wp-json\/wp\/v2\/pages\/7","targetHints":{"allow":["GET"]}}],"collection":[{"href":"https:\/\/spv-meissen.de\/cs\/wp-json\/wp\/v2\/pages"}],"about":[{"href":"https:\/\/spv-meissen.de\/cs\/wp-json\/wp\/v2\/types\/page"}],"author":[{"embeddable":true,"href":"https:\/\/spv-meissen.de\/cs\/wp-json\/wp\/v2\/users\/2"}],"replies":[{"embeddable":true,"href":"https:\/\/spv-meissen.de\/cs\/wp-json\/wp\/v2\/comments?post=7"}],"version-history":[{"count":47,"href":"https:\/\/spv-meissen.de\/cs\/wp-json\/wp\/v2\/pages\/7\/revisions"}],"predecessor-version":[{"id":1596,"href":"https:\/\/spv-meissen.de\/cs\/wp-json\/wp\/v2\/pages\/7\/revisions\/1596"}],"wp:featuredmedia":[{"embeddable":true,"href":"https:\/\/spv-meissen.de\/cs\/wp-json\/wp\/v2\/media\/50"}],"wp:attachment":[{"href":"https:\/\/spv-meissen.de\/cs\/wp-json\/wp\/v2\/media?parent=7"}],"curies":[{"name":"wp","href":"https:\/\/api.w.org\/{rel}","templated":true}]}}