{"id":206,"date":"2018-12-06T22:00:24","date_gmt":"2018-12-06T21:00:24","guid":{"rendered":"http:\/\/spv-meissen.de\/?page_id=206"},"modified":"2025-03-02T14:08:38","modified_gmt":"2025-03-02T13:08:38","slug":"leitmeritz","status":"publish","type":"page","link":"https:\/\/spv-meissen.de\/el\/leitmeritz\/","title":{"rendered":"Leitmeritz"},"content":{"rendered":"<p>Die Unterzeichnung der St\u00e4dtepartnerschaftsurkunde mit der tschechischen Stadt Litom\u011b\u0159ice fand am 01.11.1996 statt.<\/p>\n<p><img fetchpriority=\"high\" decoding=\"async\" class=\"alignnone wp-image-217 size-full\" src=\"https:\/\/spv-meissen.de\/wp-content\/uploads\/2018\/12\/Leitmeritz-Karte-OpenStreetMap-.jpg\" alt=\"\" width=\"837\" height=\"555\" srcset=\"https:\/\/spv-meissen.de\/wp-content\/uploads\/2018\/12\/Leitmeritz-Karte-OpenStreetMap-.jpg 837w, https:\/\/spv-meissen.de\/wp-content\/uploads\/2018\/12\/Leitmeritz-Karte-OpenStreetMap--300x199.jpg 300w, https:\/\/spv-meissen.de\/wp-content\/uploads\/2018\/12\/Leitmeritz-Karte-OpenStreetMap--768x509.jpg 768w, https:\/\/spv-meissen.de\/wp-content\/uploads\/2018\/12\/Leitmeritz-Karte-OpenStreetMap--151x100.jpg 151w\" sizes=\"(max-width: 837px) 100vw, 837px\" \/><br \/>\n<sup style=\"font-size: .7em; line-height: 2em;\">Daten von <a href=\"http:\/\/www.openstreetmap.org\/\">OpenStreetMap<\/a> &#8211; Ver\u00f6ffentlicht unter <a href=\"http:\/\/opendatacommons.org\/licenses\/odbl\/\">ODbL<\/a><\/sup><\/p>\n<p>Litom\u011b\u0159ice (Leitmeritz), bekannt durch seine malerische Lage und hervorragende Architektur, z\u00e4hlt zu den sch\u00f6nsten St\u00e4dten des b\u00f6hmischen Landes. Genau wie Mei\u00dfen liegt auch Litom\u011b\u0159ice an der Elbe, besitzt eine denkmalgesch\u00fctzte Altstadt und bettet sich ein in ein Weinanbaugebiet.<\/p>\n<p><strong>Wichtige Daten:<\/strong><\/p>\n<p>Land: Tschechien<br \/>\nInsel: \u00dasteck\u00fd kraj<br \/>\nPr\u00e4fektur (Landkreis): okres Litom\u011b\u0159ice<br \/>\nFl\u00e4che: 18 km\u00b2<\/p>\n<p><strong>Kleine Stadtchronik:<\/strong><\/p>\n<ul>\n<li>8. Jh. erste slawische Siedlung<\/li>\n<li>993 beurkundete leitmeritzer Provinz<\/li>\n<li>\u00a0um 1225 formelle Stadtgr\u00fcndung<\/li>\n<\/ul>\n<p><strong>Wirtschaft:<\/strong><\/p>\n<ul>\n<li>Bauhandwerk (bedeutendster Wirtschaftszweig, Elektroinstallation, Flie\u00dfenlegerbetriebe, Dachdecker, &#8230;)<\/li>\n<li>Dienstleistung (Bankwesen, Versicherungen, &#8230;)<\/li>\n<li>Nahrungsmittel<\/li>\n<li>Lederfabrik<\/li>\n<\/ul>\n<p><strong>Kultur und Sehensw\u00fcrdigkeiten:<\/strong><\/p>\n<ul>\n<li>St. Stephansdom auf dem Domh\u00fcgel<\/li>\n<li>Kelchhaus mit dem Hussitenkelch auf dem Dach<\/li>\n<li>Stadtturm (\u00e4ltestes Bauwerk) mit der Stadtkirche Allerheiligen<\/li>\n<li>Rathaus im Renaissancestil<\/li>\n<li>Schwarzer Adler und das Broggio-Haus<\/li>\n<li>Jesuitenkirche (Kunstgalerie)<\/li>\n<\/ul>\n","protected":false},"excerpt":{"rendered":"<p>Die Unterzeichnung der St\u00e4dtepartnerschaftsurkunde mit der tschechischen Stadt Litom\u011b\u0159ice fand am 01.11.1996 statt. Daten von OpenStreetMap &#8211; Ver\u00f6ffentlicht unter ODbL Litom\u011b\u0159ice (Leitmeritz), bekannt durch seine malerische Lage und hervorragende Architektur, z\u00e4hlt zu den sch\u00f6nsten St\u00e4dten des b\u00f6hmischen Landes. Genau wie Mei\u00dfen liegt auch Litom\u011b\u0159ice an der Elbe, besitzt eine denkmalgesch\u00fctzte Altstadt und bettet sich ein in ein Weinanbaugebiet. Wichtige Daten: Land: Tschechien Insel: \u00dasteck\u00fd kraj Pr\u00e4fektur (Landkreis): okres Litom\u011b\u0159ice Fl\u00e4che: 18 km\u00b2 Kleine Stadtchronik: 8. Jh. erste slawische Siedlung 993 beurkundete leitmeritzer Provinz \u00a0um 1225 formelle Stadtgr\u00fcndung Wirtschaft: Bauhandwerk (bedeutendster Wirtschaftszweig, Elektroinstallation, Flie\u00dfenlegerbetriebe, Dachdecker, &#8230;) Dienstleistung (Bankwesen, Versicherungen, &#8230;) Nahrungsmittel Lederfabrik Kultur und Sehensw\u00fcrdigkeiten: St. Stephansdom auf dem Domh\u00fcgel Kelchhaus mit dem Hussitenkelch auf dem Dach Stadtturm (\u00e4ltestes Bauwerk) mit der Stadtkirche Allerheiligen Rathaus im Renaissancestil Schwarzer Adler und das Broggio-Haus Jesuitenkirche (Kunstgalerie)<\/p>\n","protected":false},"author":2,"featured_media":0,"parent":0,"menu_order":0,"comment_status":"closed","ping_status":"closed","template":"","meta":{"footnotes":""},"class_list":["post-206","page","type-page","status-publish","hentry"],"translation":{"provider":"WPGlobus","version":"3.0.2","language":"el","enabled_languages":["de","fr","ja","el","cs","en","pl"],"languages":{"de":{"title":true,"content":true,"excerpt":false},"fr":{"title":false,"content":false,"excerpt":false},"ja":{"title":false,"content":false,"excerpt":false},"el":{"title":false,"content":false,"excerpt":false},"cs":{"title":false,"content":false,"excerpt":false},"en":{"title":false,"content":false,"excerpt":false},"pl":{"title":false,"content":false,"excerpt":false}}},"jetpack_sharing_enabled":true,"_links":{"self":[{"href":"https:\/\/spv-meissen.de\/el\/wp-json\/wp\/v2\/pages\/206","targetHints":{"allow":["GET"]}}],"collection":[{"href":"https:\/\/spv-meissen.de\/el\/wp-json\/wp\/v2\/pages"}],"about":[{"href":"https:\/\/spv-meissen.de\/el\/wp-json\/wp\/v2\/types\/page"}],"author":[{"embeddable":true,"href":"https:\/\/spv-meissen.de\/el\/wp-json\/wp\/v2\/users\/2"}],"replies":[{"embeddable":true,"href":"https:\/\/spv-meissen.de\/el\/wp-json\/wp\/v2\/comments?post=206"}],"version-history":[{"count":10,"href":"https:\/\/spv-meissen.de\/el\/wp-json\/wp\/v2\/pages\/206\/revisions"}],"predecessor-version":[{"id":2406,"href":"https:\/\/spv-meissen.de\/el\/wp-json\/wp\/v2\/pages\/206\/revisions\/2406"}],"wp:attachment":[{"href":"https:\/\/spv-meissen.de\/el\/wp-json\/wp\/v2\/media?parent=206"}],"curies":[{"name":"wp","href":"https:\/\/api.w.org\/{rel}","templated":true}]}}