{"id":548,"date":"2018-12-15T15:41:38","date_gmt":"2018-12-15T14:41:38","guid":{"rendered":"http:\/\/spv-meissen.de\/?page_id=548"},"modified":"2025-03-16T17:28:15","modified_gmt":"2025-03-16T16:28:15","slug":"impressum","status":"publish","type":"page","link":"https:\/\/spv-meissen.de\/el\/impressum\/","title":{"rendered":"Impressum"},"content":{"rendered":"<h2>St\u00e4dtepartnerschaftsverein Mei\u00dfen e.V.<\/h2>\n<h3>Beitrittserkl\u00e4rung<\/h3>\n<p><a href=\"\/wp-content\/uploads\/Formulare\/Beitrittserklaerung.pdf\" target=\"_blank\" rel=\"noopener\">Hier k\u00f6nnen Sie die Beitrittserkl\u00e4rung als PDF herunterladen.<\/a><\/p>\n<p><strong>Bankverbindung:<\/strong><br \/>\nDE30 8505 5000 3000 0062 30<br \/>\nBIC: SOLADES1MEI<br \/>\nSparkasse Mei\u00dfen<\/p>\n<h3>Angaben gem\u00e4\u00df \u00a7 5 TMG<\/h3>\n<p>St\u00e4dtepartnerschaftsverein Mei\u00dfen e. V.<\/p>\n<p>Vereinsregisternummer: 10546<br \/>\nRegistergericht: Amtsgericht Dresden<br \/>\nAdresse Amtsgericht: Olbrichtplatz 1, 01099 Dresden<\/p>\n<p><b>Vertreten durch den Vorstand<\/b><\/p>\n<p><b>Kontakt<\/b><br \/>\nE-Mail: <a href=\"mailto:SPV-Meissen@web.de\">SPV-Meissen@web.de<\/a><\/p>\n<p><b>Verantwortlich f\u00fcr den Inhalt nach \u00a7 55 Abs. 2 RStV<\/b><br \/>\nDer Vorstand<\/p>\n<p><strong>Vereinssitz:<\/strong><br \/>\nLeipziger Stra\u00dfe 10<br \/>\nO1662 Mei\u00dfen<\/p>\n<p><b>Streitschlichtung<\/b><br \/>\nDie Europ\u00e4ische Kommission stellt eine Plattform zur Online-Streitbeilegung (OS) bereit:<br \/>\n<a href=\"https:\/\/ec.europa.eu\/consumers\/odr\">https:\/\/ec.europa.eu\/consumers\/odr<\/a>.<\/p>\n<p>Unsere E-Mail-Adresse finden Sie oben im Impressum.<br \/>\nWir sind nicht bereit oder verpflichtet, an Streitbeilegungsverfahren vor einer<br \/>\nVerbraucherschlichtungsstelle teilzunehmen.<\/p>\n<p><b>Haftung f\u00fcr Inhalte<\/b><br \/>\nAls Diensteanbieter sind wir gem\u00e4\u00df \u00a7 7 Abs.1 TMG f\u00fcr eigene Inhalte auf diesen Seiten nach den allgemeinen Gesetzen verantwortlich. Nach \u00a7\u00a7 8 bis 10 TMG sind wir als Diensteanbieter jedoch nicht verpflichtet, \u00fcbermittelte oder gespeicherte fremde Informationen zu \u00fcberwachen oder nach Umst\u00e4nden zu forschen, die auf eine rechtswidrige T\u00e4tigkeit hinweisen.<\/p>\n<p>Verpflichtungen zur Entfernung oder Sperrung der Nutzung von Informationen nach den allgemeinen Gesetzen bleiben hiervon unber\u00fchrt. Eine diesbez\u00fcgliche Haftung ist jedoch erst ab dem Zeitpunkt der Kenntnis einer konkreten Rechtsverletzung m\u00f6glich. Bei Bekanntwerden von entsprechenden Rechtsverletzungen werden wir diese Inhalte umgehend entfernen.<\/p>\n<p><b>Haftung f\u00fcr Links<\/b><br \/>\nUnser Angebot enth\u00e4lt Links zu externen Websites Dritter, auf deren Inhalte wir keinen Einfluss haben. Deshalb k\u00f6nnen wir f\u00fcr diese fremden Inhalte auch keine Gew\u00e4hr \u00fcbernehmen. F\u00fcr die Inhalte der verlinkten Seiten ist stets der jeweilige Anbieter oder Betreiber der Seiten verantwortlich. Die verlinkten Seiten wurden zum Zeitpunkt der Verlinkung auf m\u00f6gliche Rechtsverst\u00f6\u00dfe \u00fcberpr\u00fcft. Rechtswidrige Inhalte waren zum Zeitpunkt der Verlinkung nicht erkennbar.<\/p>\n<p>Eine permanente inhaltliche Kontrolle der verlinkten Seiten ist jedoch ohne konkrete Anhaltspunkte einer Rechtsverletzung nicht zumutbar. Bei Bekanntwerden von Rechtsverletzungen werden wir derartige Links umgehend entfernen.<\/p>\n<p><b>Urheberrecht<\/b><br \/>\nDie durch die Seitenbetreiber erstellten Inhalte und Werke auf diesen Seiten unterliegen dem deutschen Urheberrecht. Die Vervielf\u00e4ltigung, Bearbeitung, Verbreitung und jede Art der Verwertung au\u00dferhalb der Grenzen des Urheberrechtes bed\u00fcrfen der schriftlichen Zustimmung des jeweiligen Autors bzw. Erstellers. Downloads und Kopien dieser Seite sind nur f\u00fcr den privaten, nicht kommerziellen Gebrauch gestattet.<\/p>\n<p>Soweit die Inhalte auf dieser Seite nicht vom Betreiber erstellt wurden, werden die Urheberrechte Dritter beachtet. Insbesondere werden Inhalte Dritter als solche gekennzeichnet. Sollten Sie trotzdem auf eine Urheberrechtsverletzung aufmerksam werden, bitten wir um einen entsprechenden Hinweis. Bei Bekanntwerden von Rechtsverletzungen werden wir derartige Inhalte umgehend entfernen.<\/p>\n<p>Quelle:<br \/>\n<a href=\"https:\/\/www.e-recht24.de\/impressum-generator.html\">https:\/\/www.e-recht24.de\/impressum-generator.html<\/a><\/p>\n<p><strong>Sonstige Angaben<br \/>\n<\/strong>Headerbild: Fotografie von Brigitte Gr\u00f6ll<br \/>\nWebdesign: Lisa Gr\u00f6ll<br \/>\nTheme: canape-child by Lisa Gr\u00f6ll<br \/>\nOriginal-Theme: <a href=\"https:\/\/wordpress.com\/theme\/canape\">Canape by Automattic<\/a><\/p>\n","protected":false},"excerpt":{"rendered":"<p>St\u00e4dtepartnerschaftsverein Mei\u00dfen e.V. Beitrittserkl\u00e4rung Hier k\u00f6nnen Sie die Beitrittserkl\u00e4rung als PDF herunterladen. Bankverbindung: DE30 8505 5000 3000 0062 30 BIC: SOLADES1MEI Sparkasse Mei\u00dfen Angaben gem\u00e4\u00df \u00a7 5 TMG St\u00e4dtepartnerschaftsverein Mei\u00dfen e. V. Vereinsregisternummer: 10546 Registergericht: Amtsgericht Dresden Adresse Amtsgericht: Olbrichtplatz 1, 01099 Dresden Vertreten durch den Vorstand Kontakt E-Mail: SPV-Meissen@web.de Verantwortlich f\u00fcr den Inhalt nach \u00a7 55 Abs. 2 RStV Der Vorstand Vereinssitz: Leipziger Stra\u00dfe 10 O1662 Mei\u00dfen Streitschlichtung Die Europ\u00e4ische Kommission stellt eine Plattform zur Online-Streitbeilegung (OS) bereit: https:\/\/ec.europa.eu\/consumers\/odr. Unsere E-Mail-Adresse finden Sie oben im Impressum. Wir sind nicht bereit oder verpflichtet, an Streitbeilegungsverfahren vor einer Verbraucherschlichtungsstelle teilzunehmen. Haftung f\u00fcr Inhalte Als Diensteanbieter sind wir gem\u00e4\u00df \u00a7 7 Abs.1 TMG f\u00fcr eigene Inhalte auf diesen Seiten nach den allgemeinen Gesetzen verantwortlich. Nach \u00a7\u00a7 8 bis 10 TMG sind wir als Diensteanbieter jedoch nicht verpflichtet, \u00fcbermittelte oder gespeicherte fremde Informationen zu \u00fcberwachen oder nach Umst\u00e4nden zu forschen, die auf eine rechtswidrige T\u00e4tigkeit hinweisen. Verpflichtungen zur Entfernung oder Sperrung der Nutzung von Informationen nach den allgemeinen Gesetzen bleiben hiervon unber\u00fchrt. Eine diesbez\u00fcgliche Haftung ist jedoch erst ab dem Zeitpunkt der Kenntnis einer konkreten Rechtsverletzung m\u00f6glich. Bei Bekanntwerden von entsprechenden Rechtsverletzungen werden wir diese Inhalte umgehend entfernen. Haftung f\u00fcr Links Unser Angebot enth\u00e4lt Links zu externen Websites Dritter, auf deren Inhalte wir keinen Einfluss haben. Deshalb k\u00f6nnen wir f\u00fcr diese fremden Inhalte auch keine Gew\u00e4hr \u00fcbernehmen. F\u00fcr die Inhalte der verlinkten Seiten ist stets der jeweilige Anbieter oder Betreiber der Seiten verantwortlich. Die verlinkten Seiten wurden zum Zeitpunkt der Verlinkung auf m\u00f6gliche Rechtsverst\u00f6\u00dfe \u00fcberpr\u00fcft. Rechtswidrige Inhalte waren zum Zeitpunkt der Verlinkung nicht erkennbar. Eine permanente inhaltliche Kontrolle der verlinkten Seiten ist jedoch ohne konkrete Anhaltspunkte einer Rechtsverletzung nicht zumutbar. Bei Bekanntwerden von Rechtsverletzungen werden wir derartige Links umgehend entfernen. Urheberrecht Die durch die Seitenbetreiber erstellten Inhalte und Werke auf diesen Seiten unterliegen dem deutschen Urheberrecht. Die Vervielf\u00e4ltigung, Bearbeitung, Verbreitung und jede Art der Verwertung au\u00dferhalb der Grenzen des Urheberrechtes bed\u00fcrfen der schriftlichen Zustimmung des jeweiligen Autors bzw. Erstellers. Downloads und Kopien dieser Seite sind nur f\u00fcr den privaten, nicht kommerziellen Gebrauch gestattet. Soweit die Inhalte auf dieser Seite nicht vom Betreiber erstellt wurden, werden die Urheberrechte Dritter beachtet. Insbesondere werden Inhalte Dritter als solche gekennzeichnet. Sollten Sie trotzdem auf eine Urheberrechtsverletzung aufmerksam werden, bitten wir um einen entsprechenden Hinweis. Bei Bekanntwerden von Rechtsverletzungen werden wir derartige Inhalte umgehend entfernen. Quelle: https:\/\/www.e-recht24.de\/impressum-generator.html Sonstige Angaben Headerbild: Fotografie von Brigitte Gr\u00f6ll Webdesign: Lisa Gr\u00f6ll Theme: canape-child by Lisa Gr\u00f6ll Original-Theme: Canape by Automattic<\/p>\n","protected":false},"author":2,"featured_media":0,"parent":0,"menu_order":0,"comment_status":"closed","ping_status":"closed","template":"","meta":{"footnotes":""},"class_list":["post-548","page","type-page","status-publish","hentry"],"translation":{"provider":"WPGlobus","version":"3.0.2","language":"el","enabled_languages":["de","fr","ja","el","cs","en","pl"],"languages":{"de":{"title":true,"content":true,"excerpt":false},"fr":{"title":false,"content":false,"excerpt":false},"ja":{"title":false,"content":false,"excerpt":false},"el":{"title":false,"content":false,"excerpt":false},"cs":{"title":false,"content":false,"excerpt":false},"en":{"title":false,"content":false,"excerpt":false},"pl":{"title":false,"content":false,"excerpt":false}}},"jetpack_sharing_enabled":true,"_links":{"self":[{"href":"https:\/\/spv-meissen.de\/el\/wp-json\/wp\/v2\/pages\/548","targetHints":{"allow":["GET"]}}],"collection":[{"href":"https:\/\/spv-meissen.de\/el\/wp-json\/wp\/v2\/pages"}],"about":[{"href":"https:\/\/spv-meissen.de\/el\/wp-json\/wp\/v2\/types\/page"}],"author":[{"embeddable":true,"href":"https:\/\/spv-meissen.de\/el\/wp-json\/wp\/v2\/users\/2"}],"replies":[{"embeddable":true,"href":"https:\/\/spv-meissen.de\/el\/wp-json\/wp\/v2\/comments?post=548"}],"version-history":[{"count":66,"href":"https:\/\/spv-meissen.de\/el\/wp-json\/wp\/v2\/pages\/548\/revisions"}],"predecessor-version":[{"id":2411,"href":"https:\/\/spv-meissen.de\/el\/wp-json\/wp\/v2\/pages\/548\/revisions\/2411"}],"wp:attachment":[{"href":"https:\/\/spv-meissen.de\/el\/wp-json\/wp\/v2\/media?parent=548"}],"curies":[{"name":"wp","href":"https:\/\/api.w.org\/{rel}","templated":true}]}}