{"id":119,"date":"2018-12-01T08:58:42","date_gmt":"2018-12-01T07:58:42","guid":{"rendered":"http:\/\/spv-meissen.de\/?page_id=119"},"modified":"2025-03-02T14:07:41","modified_gmt":"2025-03-02T13:07:41","slug":"fellbach","status":"publish","type":"page","link":"https:\/\/spv-meissen.de\/en\/fellbach\/","title":{"rendered":"Fellbach"},"content":{"rendered":"<p>Fellbach, Stadt der Weine und Kongresse, liegt als \u201eTor zum Remstal\u201c in einem bekannten Weinanbaugebiet vor der Stadtgrenze zur baden-w\u00fcrttembergischen Landeshauptstadt Stuttgart. Die Unterzeichnung der St\u00e4dtepartnerschaftsurkunde fand am 28.05.1987 statt.<\/p>\n<p><img fetchpriority=\"high\" decoding=\"async\" class=\"alignnone size-full wp-image-154\" src=\"https:\/\/spv-meissen.de\/wp-content\/uploads\/2018\/12\/Fellbach-Karten-OpenStreetMap-.jpg\" alt=\"\" width=\"928\" height=\"659\" srcset=\"https:\/\/spv-meissen.de\/wp-content\/uploads\/2018\/12\/Fellbach-Karten-OpenStreetMap-.jpg 928w, https:\/\/spv-meissen.de\/wp-content\/uploads\/2018\/12\/Fellbach-Karten-OpenStreetMap--300x213.jpg 300w, https:\/\/spv-meissen.de\/wp-content\/uploads\/2018\/12\/Fellbach-Karten-OpenStreetMap--768x545.jpg 768w, https:\/\/spv-meissen.de\/wp-content\/uploads\/2018\/12\/Fellbach-Karten-OpenStreetMap--141x100.jpg 141w\" sizes=\"(max-width: 928px) 100vw, 928px\" \/><sup style=\"font-size: .7em; line-height: 2em;\">Daten von <a href=\"http:\/\/www.openstreetmap.org\/\">OpenStreetMap<\/a> &#8211; Ver\u00f6ffentlicht unter <a href=\"http:\/\/opendatacommons.org\/licenses\/odbl\/\">ODbL<\/a><\/sup><\/p>\n<p><strong>Wichtige Daten<\/strong><\/p>\n<p>Land: BRD<br \/>\nBundesland: Baden-W\u00fcrttemberg<br \/>\nRegierungsbezirk: Stuttgart<br \/>\nLandkreis: Rems-Murr-Kreis<br \/>\nFl\u00e4che: 27,70 km\u00b2<\/p>\n<p><strong>Kleine Stadtchronik:<\/strong><\/p>\n<p>1121 erste urkundliche Erw\u00e4hnung als &#8220;Velbach&#8221;<br \/>\n1933 14.Oktober, Stadterhebung<br \/>\n1956 01.April, Gro\u00dfe Kreisstadt<\/p>\n<p><strong>Wirtschaft<\/strong><\/p>\n<ul>\n<li>Elektrotechnik, Feinmechanik, Optik<\/li>\n<li>Holz-, Papier- und Druckgewerbe<\/li>\n<li>Maschinen- und Fahrzeugbau<\/li>\n<li>Nahrungs- und Genussmittelherstellung<\/li>\n<\/ul>\n<p><strong>Kultur und Sehensw\u00fcrdigkeiten:<\/strong><\/p>\n<ul>\n<li>Schwabenlandhalle als Kultur- und Kongresszentrum, hier finden auch regelm\u00e4\u00dfig Theaterveranstaltungen von Tourneeb\u00fchnen statt<\/li>\n<li>die Lutherkirche (von 1519 \u2013 1524 erbaut) als bedeutendste Sehensw\u00fcrdigkeit und Wahrzeichen der Stadt<\/li>\n<li>alte Kelter von 1906 (Ausstellungs- und Veranstaltungssaal), in ihrer Dimension und Gestalt ein einzigartiges, imposantes Bauwerk, als gr\u00f6\u00dfter kommunaler Kelterbau Baden-W\u00fcrttembergs verbindet sich hier traditionelle Fachwerkbauweise mit den Gr\u00f6\u00dfenvorstellungen industrieller Zweckbauten<\/li>\n<li>Fellbacher Stadtmuseum in einem Fachwerkbau aus dem Jahr 1680 die Galerie der Stadt Fellbach im Rathauskomplex<\/li>\n<\/ul>\n","protected":false},"excerpt":{"rendered":"<p>Fellbach, Stadt der Weine und Kongresse, liegt als \u201eTor zum Remstal\u201c in einem bekannten Weinanbaugebiet vor der Stadtgrenze zur baden-w\u00fcrttembergischen Landeshauptstadt Stuttgart. Die Unterzeichnung der St\u00e4dtepartnerschaftsurkunde fand am 28.05.1987 statt. Daten von OpenStreetMap &#8211; Ver\u00f6ffentlicht unter ODbL Wichtige Daten Land: BRD Bundesland: Baden-W\u00fcrttemberg Regierungsbezirk: Stuttgart Landkreis: Rems-Murr-Kreis Fl\u00e4che: 27,70 km\u00b2 Kleine Stadtchronik: 1121 erste urkundliche Erw\u00e4hnung als &#8220;Velbach&#8221; 1933 14.Oktober, Stadterhebung 1956 01.April, Gro\u00dfe Kreisstadt Wirtschaft Elektrotechnik, Feinmechanik, Optik Holz-, Papier- und Druckgewerbe Maschinen- und Fahrzeugbau Nahrungs- und Genussmittelherstellung Kultur und Sehensw\u00fcrdigkeiten: Schwabenlandhalle als Kultur- und Kongresszentrum, hier finden auch regelm\u00e4\u00dfig Theaterveranstaltungen von Tourneeb\u00fchnen statt die Lutherkirche (von 1519 \u2013 1524 erbaut) als bedeutendste Sehensw\u00fcrdigkeit und Wahrzeichen der Stadt alte Kelter von 1906 (Ausstellungs- und Veranstaltungssaal), in ihrer Dimension und Gestalt ein einzigartiges, imposantes Bauwerk, als gr\u00f6\u00dfter kommunaler Kelterbau Baden-W\u00fcrttembergs verbindet sich hier traditionelle Fachwerkbauweise mit den Gr\u00f6\u00dfenvorstellungen industrieller Zweckbauten Fellbacher Stadtmuseum in einem Fachwerkbau aus dem Jahr 1680 die Galerie der Stadt Fellbach im Rathauskomplex<\/p>\n","protected":false},"author":2,"featured_media":0,"parent":0,"menu_order":0,"comment_status":"closed","ping_status":"closed","template":"","meta":{"footnotes":""},"class_list":["post-119","page","type-page","status-publish","hentry"],"translation":{"provider":"WPGlobus","version":"3.0.2","language":"en","enabled_languages":["de","fr","ja","el","cs","en","pl"],"languages":{"de":{"title":true,"content":true,"excerpt":false},"fr":{"title":false,"content":false,"excerpt":false},"ja":{"title":false,"content":false,"excerpt":false},"el":{"title":false,"content":false,"excerpt":false},"cs":{"title":false,"content":false,"excerpt":false},"en":{"title":false,"content":false,"excerpt":false},"pl":{"title":false,"content":false,"excerpt":false}}},"jetpack_sharing_enabled":true,"_links":{"self":[{"href":"https:\/\/spv-meissen.de\/en\/wp-json\/wp\/v2\/pages\/119","targetHints":{"allow":["GET"]}}],"collection":[{"href":"https:\/\/spv-meissen.de\/en\/wp-json\/wp\/v2\/pages"}],"about":[{"href":"https:\/\/spv-meissen.de\/en\/wp-json\/wp\/v2\/types\/page"}],"author":[{"embeddable":true,"href":"https:\/\/spv-meissen.de\/en\/wp-json\/wp\/v2\/users\/2"}],"replies":[{"embeddable":true,"href":"https:\/\/spv-meissen.de\/en\/wp-json\/wp\/v2\/comments?post=119"}],"version-history":[{"count":9,"href":"https:\/\/spv-meissen.de\/en\/wp-json\/wp\/v2\/pages\/119\/revisions"}],"predecessor-version":[{"id":2404,"href":"https:\/\/spv-meissen.de\/en\/wp-json\/wp\/v2\/pages\/119\/revisions\/2404"}],"wp:attachment":[{"href":"https:\/\/spv-meissen.de\/en\/wp-json\/wp\/v2\/media?parent=119"}],"curies":[{"name":"wp","href":"https:\/\/api.w.org\/{rel}","templated":true}]}}