{"id":14,"date":"2018-08-05T17:55:40","date_gmt":"2018-08-05T15:55:40","guid":{"rendered":"http:\/\/spv-meissen.de\/?page_id=14"},"modified":"2018-12-18T19:39:25","modified_gmt":"2018-12-18T18:39:25","slug":"partnerstaedte","status":"publish","type":"page","link":"https:\/\/spv-meissen.de\/en\/partnerstaedte\/","title":{"rendered":"Partnerst\u00e4dte"},"content":{"rendered":"<p>Auf den folgenden Seiten m\u00f6chten wir Ihnen unsere sieben Partnerst\u00e4dte vorstellen.<\/p>\n<ul>\n<li><a href=\"https:\/\/spv-meissen.de\/vitry-sur-seine\/\">Vitry-sur-Seine (Frankreich)<\/a><\/li>\n<li><a href=\"https:\/\/spv-meissen.de\/arita-cho\/\">Arita-cho (Japan)<\/a><\/li>\n<li><a href=\"https:\/\/spv-meissen.de\/fellbach\/\">Fellbach (Deutschland)<\/a><\/li>\n<li><a href=\"https:\/\/spv-meissen.de\/korfu\/\">Korfu (Griechenland)<\/a><\/li>\n<li><a href=\"https:\/\/spv-meissen.de\/leitmeritz\/\">Litomerice (Tschechien)<\/a><\/li>\n<li><a href=\"https:\/\/spv-meissen.de\/provo\/\">Provo (USA)<\/a><\/li>\n<li><a href=\"https:\/\/spv-meissen.de\/legnica\/\">Legnica (Polen)<\/a><\/li>\n<\/ul>\n","protected":false},"excerpt":{"rendered":"<p>Auf den folgenden Seiten m\u00f6chten wir Ihnen unsere sieben Partnerst\u00e4dte vorstellen. Vitry-sur-Seine (Frankreich) Arita-cho (Japan) Fellbach (Deutschland) Korfu (Griechenland) Litomerice (Tschechien) Provo (USA) Legnica (Polen)<\/p>\n","protected":false},"author":2,"featured_media":0,"parent":0,"menu_order":0,"comment_status":"closed","ping_status":"closed","template":"","meta":{"footnotes":""},"class_list":["post-14","page","type-page","status-publish","hentry"],"translation":{"provider":"WPGlobus","version":"3.0.2","language":"en","enabled_languages":["de","fr","ja","el","cs","en","pl"],"languages":{"de":{"title":true,"content":true,"excerpt":false},"fr":{"title":false,"content":false,"excerpt":false},"ja":{"title":false,"content":false,"excerpt":false},"el":{"title":false,"content":false,"excerpt":false},"cs":{"title":false,"content":false,"excerpt":false},"en":{"title":false,"content":false,"excerpt":false},"pl":{"title":false,"content":false,"excerpt":false}}},"jetpack_sharing_enabled":true,"_links":{"self":[{"href":"https:\/\/spv-meissen.de\/en\/wp-json\/wp\/v2\/pages\/14","targetHints":{"allow":["GET"]}}],"collection":[{"href":"https:\/\/spv-meissen.de\/en\/wp-json\/wp\/v2\/pages"}],"about":[{"href":"https:\/\/spv-meissen.de\/en\/wp-json\/wp\/v2\/types\/page"}],"author":[{"embeddable":true,"href":"https:\/\/spv-meissen.de\/en\/wp-json\/wp\/v2\/users\/2"}],"replies":[{"embeddable":true,"href":"https:\/\/spv-meissen.de\/en\/wp-json\/wp\/v2\/comments?post=14"}],"version-history":[{"count":11,"href":"https:\/\/spv-meissen.de\/en\/wp-json\/wp\/v2\/pages\/14\/revisions"}],"predecessor-version":[{"id":579,"href":"https:\/\/spv-meissen.de\/en\/wp-json\/wp\/v2\/pages\/14\/revisions\/579"}],"wp:attachment":[{"href":"https:\/\/spv-meissen.de\/en\/wp-json\/wp\/v2\/media?parent=14"}],"curies":[{"name":"wp","href":"https:\/\/api.w.org\/{rel}","templated":true}]}}