{"id":178,"date":"2018-12-04T21:31:03","date_gmt":"2018-12-04T20:31:03","guid":{"rendered":"http:\/\/spv-meissen.de\/?page_id=178"},"modified":"2025-03-02T14:06:17","modified_gmt":"2025-03-02T13:06:17","slug":"vitry-sur-seine","status":"publish","type":"page","link":"https:\/\/spv-meissen.de\/en\/vitry-sur-seine\/","title":{"rendered":"Vitry-sur-Seine"},"content":{"rendered":"<p>Die Unterzeichnung der St\u00e4dtepartnerschaftsurkunde mit Vitry-sur-Seine fand am 03.05.1964 statt.<\/p>\n<p><img fetchpriority=\"high\" decoding=\"async\" class=\"alignnone wp-image-191 size-full\" src=\"https:\/\/spv-meissen.de\/wp-content\/uploads\/2018\/12\/Vitry-sur-Seine-Karte-OpenStreetMap-800px.jpg\" alt=\"\" width=\"800\" height=\"706\" srcset=\"https:\/\/spv-meissen.de\/wp-content\/uploads\/2018\/12\/Vitry-sur-Seine-Karte-OpenStreetMap-800px.jpg 800w, https:\/\/spv-meissen.de\/wp-content\/uploads\/2018\/12\/Vitry-sur-Seine-Karte-OpenStreetMap-800px-300x265.jpg 300w, https:\/\/spv-meissen.de\/wp-content\/uploads\/2018\/12\/Vitry-sur-Seine-Karte-OpenStreetMap-800px-768x678.jpg 768w, https:\/\/spv-meissen.de\/wp-content\/uploads\/2018\/12\/Vitry-sur-Seine-Karte-OpenStreetMap-800px-113x100.jpg 113w\" sizes=\"(max-width: 800px) 100vw, 800px\" \/><br \/>\n<sup style=\"font-size: .7em; line-height: 2em;\">Daten von <a href=\"http:\/\/www.openstreetmap.org\/\">OpenStreetMap<\/a> &#8211; Ver\u00f6ffentlicht unter <a href=\"http:\/\/opendatacommons.org\/licenses\/odbl\/\">ODbL<\/a><\/sup><\/p>\n<p>Vitry, drittbedeutendstes hauptwirtschaftliches Zentrum in Frankreich, ist eine moderne und gr\u00fcne Stadt. Sie ist die Heimat verschiedenster Nationalit\u00e4ten und Traditionen. Nur drei Kilometer von der Hauptstadt entfernt bildet Vitry-sur-Seine das Tor zu Paris.<\/p>\n<p><strong>Wichtige Daten:<\/strong><\/p>\n<p>Land: Frankreich<br \/>\nRegion: \u00cele-de-France<br \/>\nD\u00e9partement: Val-de-Marne<br \/>\nKanton: Hauptort von 3 Kantonen<br \/>\nFl\u00e4che: 11,67 km\u00b2<\/p>\n<p><strong>Kleine Stadtchronik:<\/strong><\/p>\n<ul>\n<li>300 v. Chr. erste urkundliche Erw\u00e4hnung<\/li>\n<li>1789 Vitry wird Kommune<\/li>\n<li>1897 offizielle Benennung in Vitry-sur-Seine<\/li>\n<\/ul>\n<p><strong>Wirtschaft:<\/strong><\/p>\n<ul>\n<li>pharmazeutische Industrie (Sanofi aventis)<\/li>\n<li>Gro\u00dfkraftwerke (EDF &#8211; \u00c9lectricit\u00e9 de France)<\/li>\n<li>Motorenbau<\/li>\n<li>Metall- und Kabelindustrie<\/li>\n<li>Chemische Industrie<\/li>\n<li>Seifenfabriken<\/li>\n<\/ul>\n<p><strong>Kultur und Sehensw\u00fcrdigkeiten:<\/strong><\/p>\n<ul>\n<li>Kirche Saint Germain, ein Bau aus dem 12. Jahrhundert, der die Zeiten \u00fcberdauert hat; er ist vor allem durch romanische und gotische Bauelemente gepr\u00e4gt<\/li>\n<li>Museum f\u00fcr moderne Kunst von Val-de-Marne \u2013 einziges Museum f\u00fcr zeitgen\u00f6ssige Kunst in Frankreich au\u00dferhalb von Paris<\/li>\n<li>Br\u00fccke des Port \u00e0 l&#8217;Anglais, erbaut von 1912 \u2013 1927<\/li>\n<\/ul>\n","protected":false},"excerpt":{"rendered":"<p>Die Unterzeichnung der St\u00e4dtepartnerschaftsurkunde mit Vitry-sur-Seine fand am 03.05.1964 statt. Daten von OpenStreetMap &#8211; Ver\u00f6ffentlicht unter ODbL Vitry, drittbedeutendstes hauptwirtschaftliches Zentrum in Frankreich, ist eine moderne und gr\u00fcne Stadt. Sie ist die Heimat verschiedenster Nationalit\u00e4ten und Traditionen. Nur drei Kilometer von der Hauptstadt entfernt bildet Vitry-sur-Seine das Tor zu Paris. Wichtige Daten: Land: Frankreich Region: \u00cele-de-France D\u00e9partement: Val-de-Marne Kanton: Hauptort von 3 Kantonen Fl\u00e4che: 11,67 km\u00b2 Kleine Stadtchronik: 300 v. Chr. erste urkundliche Erw\u00e4hnung 1789 Vitry wird Kommune 1897 offizielle Benennung in Vitry-sur-Seine Wirtschaft: pharmazeutische Industrie (Sanofi aventis) Gro\u00dfkraftwerke (EDF &#8211; \u00c9lectricit\u00e9 de France) Motorenbau Metall- und Kabelindustrie Chemische Industrie Seifenfabriken Kultur und Sehensw\u00fcrdigkeiten: Kirche Saint Germain, ein Bau aus dem 12. Jahrhundert, der die Zeiten \u00fcberdauert hat; er ist vor allem durch romanische und gotische Bauelemente gepr\u00e4gt Museum f\u00fcr moderne Kunst von Val-de-Marne \u2013 einziges Museum f\u00fcr zeitgen\u00f6ssige Kunst in Frankreich au\u00dferhalb von Paris Br\u00fccke des Port \u00e0 l&#8217;Anglais, erbaut von 1912 \u2013 1927<\/p>\n","protected":false},"author":2,"featured_media":0,"parent":0,"menu_order":0,"comment_status":"closed","ping_status":"closed","template":"","meta":{"footnotes":""},"class_list":["post-178","page","type-page","status-publish","hentry"],"translation":{"provider":"WPGlobus","version":"3.0.2","language":"en","enabled_languages":["de","fr","ja","el","cs","en","pl"],"languages":{"de":{"title":true,"content":true,"excerpt":false},"fr":{"title":false,"content":false,"excerpt":false},"ja":{"title":false,"content":false,"excerpt":false},"el":{"title":false,"content":false,"excerpt":false},"cs":{"title":false,"content":false,"excerpt":false},"en":{"title":false,"content":false,"excerpt":false},"pl":{"title":false,"content":false,"excerpt":false}}},"jetpack_sharing_enabled":true,"_links":{"self":[{"href":"https:\/\/spv-meissen.de\/en\/wp-json\/wp\/v2\/pages\/178","targetHints":{"allow":["GET"]}}],"collection":[{"href":"https:\/\/spv-meissen.de\/en\/wp-json\/wp\/v2\/pages"}],"about":[{"href":"https:\/\/spv-meissen.de\/en\/wp-json\/wp\/v2\/types\/page"}],"author":[{"embeddable":true,"href":"https:\/\/spv-meissen.de\/en\/wp-json\/wp\/v2\/users\/2"}],"replies":[{"embeddable":true,"href":"https:\/\/spv-meissen.de\/en\/wp-json\/wp\/v2\/comments?post=178"}],"version-history":[{"count":11,"href":"https:\/\/spv-meissen.de\/en\/wp-json\/wp\/v2\/pages\/178\/revisions"}],"predecessor-version":[{"id":2402,"href":"https:\/\/spv-meissen.de\/en\/wp-json\/wp\/v2\/pages\/178\/revisions\/2402"}],"wp:attachment":[{"href":"https:\/\/spv-meissen.de\/en\/wp-json\/wp\/v2\/media?parent=178"}],"curies":[{"name":"wp","href":"https:\/\/api.w.org\/{rel}","templated":true}]}}