{"id":239,"date":"2018-12-08T22:08:27","date_gmt":"2018-12-08T21:08:27","guid":{"rendered":"http:\/\/spv-meissen.de\/?page_id=239"},"modified":"2025-03-16T17:43:11","modified_gmt":"2025-03-16T16:43:11","slug":"freunde-foerderer-des-staedtepartnerschaftsvereins-meissen-e-v","status":"publish","type":"page","link":"https:\/\/spv-meissen.de\/en\/freunde-foerderer-des-staedtepartnerschaftsvereins-meissen-e-v\/","title":{"rendered":"Freunde &#038; F\u00f6rderer des St\u00e4dtepartnerschaftsvereins Mei\u00dfen e. V."},"content":{"rendered":"\n<ul class=\"wp-block-list\">\n<li>Stadt Mei\u00dfen &#8211; <a href=\"https:\/\/www.stadt-meissen.de\/\">Startseite<\/a><\/li>\n<\/ul>\n\n\n\n<ul class=\"wp-block-list\">\n<li>Sparkasse Mei\u00dfen &#8211; <a href=\"http:\/\/www.sparkasse-meissen.de\" target=\"_blank\" rel=\"noreferrer noopener\">Internet-Filiale &#8211; Sparkasse Mei\u00dfen<\/a><\/li>\n<\/ul>\n\n\n\n<ul class=\"wp-block-list\">\n<li>Stadtwerke Mei\u00dfen &#8211; <a href=\"https:\/\/www.stadtwerke-meissen.de\/\">Mei\u00dfener Stadtwerke GmbH<\/a><\/li>\n<\/ul>\n\n\n\n<ul class=\"wp-block-list\">\n<li>Frau Alla Cotta &#8211; ACcent &#8211; Ihr Fremdsprachenservice &#8211; <a href=\"https:\/\/accent-fremdsprachen.de\/lang_de\/index.htm\" target=\"_blank\" rel=\"noreferrer noopener\"><\/a><a href=\"https:\/\/accent-fremdsprachen.de\/\">ACcent Fremdsprachenservice<\/a><\/li>\n<\/ul>\n\n\n\n<ul class=\"wp-block-list\">\n<li>BSZ Mei\u00dfen &#8211; Radebeul &#8211; <a href=\"https:\/\/bsz-meirbl.de\/de\/\">Home &#8211; Berufliches Schulzentrum Mei\u00dfen-Radebeul<\/a><\/li>\n<\/ul>\n\n\n\n<ul class=\"wp-block-list\">\n<li>Stiftung Soziale Projekte Mei\u00dfen &#8211; <a href=\"https:\/\/www.sopro-meissen.de\/\">Willkommen bei SoPro &#8211; Stiftung Soziale Projekte Mei\u00dfen<\/a><\/li>\n<\/ul>\n\n\n\n<ul class=\"wp-block-list\">\n<li>Winzergenossenschaft Mei\u00dfen &#8211; <a href=\"https:\/\/www.winzer-meissen.de\/\">Winzer Meissen<\/a><\/li>\n<\/ul>\n\n\n\n<ul class=\"wp-block-list\">\n<li>Wochenkurier Mei\u00dfen &#8211; <a href=\"https:\/\/www.wochenkurier.info\/landkreis-meissen\">Meissen &#8211; WochenKurier &#8211; WochenKurier<\/a><\/li>\n<\/ul>\n\n\n\n<ul class=\"wp-block-list\">\n<li>SEEG Mei\u00dfen mbH &#8211; <a href=\"https:\/\/www.seeg-meissen.de\/\">Sch\u00f6ner wohnen in Mei\u00dfen \u00b7 SEEG Mei\u00dfen mbH<\/a><\/li>\n<\/ul>\n\n\n\n<ul class=\"wp-block-list\">\n<li>der Weinladen &#8211; <a href=\"https:\/\/www.vinothek-meissen.de\/\">der Weinladen | Ihr Weinladen in Mei\u00dfen<\/a><\/li>\n<\/ul>\n\n\n\n<ul class=\"wp-block-list\">\n<li>SG Kanu Mei\u00dfen e.V.&nbsp;&#8211; <a href=\"https:\/\/www.kanu-meissen.de\/touristik\/\">Kanu-Wandern &#8211; Kanu-Verein Meissen<\/a><\/li>\n<\/ul>\n\n\n\n<ul class=\"wp-block-list\">\n<li>Tempus webdesign &#8211; <a href=\"https:\/\/tempus-webdesign.de\/\">Klare, moderne Websites &amp; Shops since 2012 f\u00fcr mehr Umsatz | Tempus Webedsign<\/a><\/li>\n<\/ul>\n\n\n\n<ul class=\"wp-block-list\">\n<li>Tilo Schiemenz \u00a0\u00a0Kleinkunstb\u00fchne Kallaputschni<\/li>\n<\/ul>\n\n\n\n<ul class=\"wp-block-list\">\n<li>Freundschaftsgesellschaft Mei\u00dfen-Arita\/Japan e.V. &#8211; <a href=\"https:\/\/www.meissen-arita.de\/\">Start &#8211; Freundschaftsgesellschaft Mei\u00dfen-Arita<\/a><\/li>\n<\/ul>\n\n\n\n<ul class=\"wp-block-list\">\n<li>Thomas S\u00fc\u00df\u00a0&#8211; <a href=\"https:\/\/www.schreibmeister365.com\/\">Schreibmeister365 | Redaktions-Service<\/a><\/li>\n<\/ul>\n\n\n\n<ul class=\"wp-block-list\">\n<li>Gewerbeverein Mei\u00dfen e.V.\u00a0 &#8211; <a href=\"http:\/\/www.gewerbeverein-meissen.de\/\">Startseite &#8211; Gewerbeverein Mei\u00dfen<\/a><\/li>\n<\/ul>\n\n\n\n<ul class=\"wp-block-list\">\n<li>1100 Jahre Mei\u00dfen e.V. <a href=\"https:\/\/www.1100-jahre-meissen.de\/\">Wir feiern 1.100 Jahre Mei\u00dfen &#8211; das Jubil\u00e4um 2029 &#8211; 1.100 Jahre Mei\u00dfen e. V.<\/a><\/li>\n<\/ul>\n\n\n\n<p> <\/p>\n","protected":false},"excerpt":{"rendered":"","protected":false},"author":2,"featured_media":0,"parent":0,"menu_order":0,"comment_status":"closed","ping_status":"closed","template":"","meta":{"footnotes":""},"class_list":["post-239","page","type-page","status-publish","hentry"],"translation":{"provider":"WPGlobus","version":"3.0.2","language":"en","enabled_languages":["de","fr","ja","el","cs","en","pl"],"languages":{"de":{"title":true,"content":true,"excerpt":false},"fr":{"title":false,"content":false,"excerpt":false},"ja":{"title":false,"content":false,"excerpt":false},"el":{"title":false,"content":false,"excerpt":false},"cs":{"title":false,"content":false,"excerpt":false},"en":{"title":false,"content":false,"excerpt":false},"pl":{"title":false,"content":false,"excerpt":false}}},"jetpack_sharing_enabled":true,"_links":{"self":[{"href":"https:\/\/spv-meissen.de\/en\/wp-json\/wp\/v2\/pages\/239","targetHints":{"allow":["GET"]}}],"collection":[{"href":"https:\/\/spv-meissen.de\/en\/wp-json\/wp\/v2\/pages"}],"about":[{"href":"https:\/\/spv-meissen.de\/en\/wp-json\/wp\/v2\/types\/page"}],"author":[{"embeddable":true,"href":"https:\/\/spv-meissen.de\/en\/wp-json\/wp\/v2\/users\/2"}],"replies":[{"embeddable":true,"href":"https:\/\/spv-meissen.de\/en\/wp-json\/wp\/v2\/comments?post=239"}],"version-history":[{"count":15,"href":"https:\/\/spv-meissen.de\/en\/wp-json\/wp\/v2\/pages\/239\/revisions"}],"predecessor-version":[{"id":2417,"href":"https:\/\/spv-meissen.de\/en\/wp-json\/wp\/v2\/pages\/239\/revisions\/2417"}],"wp:attachment":[{"href":"https:\/\/spv-meissen.de\/en\/wp-json\/wp\/v2\/media?parent=239"}],"curies":[{"name":"wp","href":"https:\/\/api.w.org\/{rel}","templated":true}]}}