{"id":28,"date":"2018-08-05T18:34:53","date_gmt":"2018-08-05T16:34:53","guid":{"rendered":"http:\/\/spv-meissen.de\/?page_id=28"},"modified":"2025-03-02T14:07:03","modified_gmt":"2025-03-02T13:07:03","slug":"arita-cho","status":"publish","type":"page","link":"https:\/\/spv-meissen.de\/en\/arita-cho\/","title":{"rendered":"Arita-cho"},"content":{"rendered":"<p>Arita-cho liegt in Japan. Die Unterzeichnung der St\u00e4dtepartnerschaftsurkunde fand am 09.02.1979 statt.<\/p>\n<p><img fetchpriority=\"high\" decoding=\"async\" class=\"alignnone size-full wp-image-149\" src=\"https:\/\/spv-meissen.de\/wp-content\/uploads\/2018\/12\/Arita-cho-Karte-OpenStreetMap.png\" alt=\"\" width=\"858\" height=\"658\" srcset=\"https:\/\/spv-meissen.de\/wp-content\/uploads\/2018\/12\/Arita-cho-Karte-OpenStreetMap.png 858w, https:\/\/spv-meissen.de\/wp-content\/uploads\/2018\/12\/Arita-cho-Karte-OpenStreetMap-300x230.png 300w, https:\/\/spv-meissen.de\/wp-content\/uploads\/2018\/12\/Arita-cho-Karte-OpenStreetMap-768x589.png 768w, https:\/\/spv-meissen.de\/wp-content\/uploads\/2018\/12\/Arita-cho-Karte-OpenStreetMap-130x100.png 130w\" sizes=\"(max-width: 858px) 100vw, 858px\" \/><br \/>\n<sup style=\"font-size: .7em; line-height: 2em;\">Daten von <a href=\"http:\/\/www.openstreetmap.org\/\">OpenStreetMap<\/a> &#8211; Ver\u00f6ffentlicht unter <a href=\"http:\/\/opendatacommons.org\/licenses\/odbl\/\">ODbL<\/a><\/sup><\/p>\n<p>Arita, eine Stadt mit einer 400 Jahre alten T\u00f6pfertradition, ist gepr\u00e4gt durch seine Porzellangeschichte.<\/p>\n<p><strong>Wichtige Daten:<\/strong><\/p>\n<p>Land: Japan<br \/>\nInsel: Kyushu<br \/>\nPr\u00e4fektur (Landkreis): Saga<br \/>\nFl\u00e4che: 65,80 km\u00b2<\/p>\n<p><strong>Kleine Stadtchronik:<\/strong><\/p>\n<ul>\n<li>1616 Entdeckung Kaolin-Vorkommen<\/li>\n<li>17. Jh. Porzellan gelangt nach Europa und zu Weltruf<\/li>\n<li>2006 Fusion der Porzellanstadt Arita mit der landwirtschaftlich gepr\u00e4gten Stadt Nishiarita<\/li>\n<\/ul>\n<p><strong>Wirtschaft:<\/strong><\/p>\n<ul>\n<li>Porzellanherstellung (80 % der Arbeitspl\u00e4tze)<\/li>\n<li>traditionelle Keramikerzeugnisse sowie auch Flie\u00dfen und Industrieporzellan<\/li>\n<li>Landwirtschaft<\/li>\n<\/ul>\n<p><strong>Kultur und Sehensw\u00fcrdigkeiten:<\/strong><\/p>\n<ul>\n<li>Arita-Porzellan-Park, u.a. mit Nachbau des Dresdner Zwingers, Ausstellung europ\u00e4ischen Porzellans, Imitationen typischer europ\u00e4ischer Geb\u00e4ude<\/li>\n<li>Izumiyama Kaolin Steinbruch<\/li>\n<li>Kakiemon Brenn\u00f6fen<\/li>\n<li>Gedenkschrein Ri Sampeis\u2019, Entdecker des Kaolins in Arita<\/li>\n<li>Glockenspiel aus Meissner Porzellan\u00ae vor dem Keramikmuseum<\/li>\n<li>Das Arita-Porzellanfest, als landesweites Fest mit vielen internationalen G\u00e4sten, wird j\u00e4hrlich in der Zeit vom 29. April bis 5. Mai gefeiert.<\/li>\n<\/ul>\n","protected":false},"excerpt":{"rendered":"<p>Arita-cho liegt in Japan. Die Unterzeichnung der St\u00e4dtepartnerschaftsurkunde fand am 09.02.1979 statt. Daten von OpenStreetMap &#8211; Ver\u00f6ffentlicht unter ODbL Arita, eine Stadt mit einer 400 Jahre alten T\u00f6pfertradition, ist gepr\u00e4gt durch seine Porzellangeschichte. Wichtige Daten: Land: Japan Insel: Kyushu Pr\u00e4fektur (Landkreis): Saga Fl\u00e4che: 65,80 km\u00b2 Kleine Stadtchronik: 1616 Entdeckung Kaolin-Vorkommen 17. Jh. Porzellan gelangt nach Europa und zu Weltruf 2006 Fusion der Porzellanstadt Arita mit der landwirtschaftlich gepr\u00e4gten Stadt Nishiarita Wirtschaft: Porzellanherstellung (80 % der Arbeitspl\u00e4tze) traditionelle Keramikerzeugnisse sowie auch Flie\u00dfen und Industrieporzellan Landwirtschaft Kultur und Sehensw\u00fcrdigkeiten: Arita-Porzellan-Park, u.a. mit Nachbau des Dresdner Zwingers, Ausstellung europ\u00e4ischen Porzellans, Imitationen typischer europ\u00e4ischer Geb\u00e4ude Izumiyama Kaolin Steinbruch Kakiemon Brenn\u00f6fen Gedenkschrein Ri Sampeis\u2019, Entdecker des Kaolins in Arita Glockenspiel aus Meissner Porzellan\u00ae vor dem Keramikmuseum Das Arita-Porzellanfest, als landesweites Fest mit vielen internationalen G\u00e4sten, wird j\u00e4hrlich in der Zeit vom 29. April bis 5. Mai gefeiert.<\/p>\n","protected":false},"author":2,"featured_media":0,"parent":0,"menu_order":0,"comment_status":"closed","ping_status":"closed","template":"","meta":{"footnotes":""},"class_list":["post-28","page","type-page","status-publish","hentry"],"translation":{"provider":"WPGlobus","version":"3.0.2","language":"en","enabled_languages":["de","fr","ja","el","cs","en","pl"],"languages":{"de":{"title":true,"content":true,"excerpt":false},"fr":{"title":false,"content":false,"excerpt":false},"ja":{"title":false,"content":false,"excerpt":false},"el":{"title":false,"content":false,"excerpt":false},"cs":{"title":false,"content":false,"excerpt":false},"en":{"title":false,"content":false,"excerpt":false},"pl":{"title":false,"content":false,"excerpt":false}}},"jetpack_sharing_enabled":true,"_links":{"self":[{"href":"https:\/\/spv-meissen.de\/en\/wp-json\/wp\/v2\/pages\/28","targetHints":{"allow":["GET"]}}],"collection":[{"href":"https:\/\/spv-meissen.de\/en\/wp-json\/wp\/v2\/pages"}],"about":[{"href":"https:\/\/spv-meissen.de\/en\/wp-json\/wp\/v2\/types\/page"}],"author":[{"embeddable":true,"href":"https:\/\/spv-meissen.de\/en\/wp-json\/wp\/v2\/users\/2"}],"replies":[{"embeddable":true,"href":"https:\/\/spv-meissen.de\/en\/wp-json\/wp\/v2\/comments?post=28"}],"version-history":[{"count":12,"href":"https:\/\/spv-meissen.de\/en\/wp-json\/wp\/v2\/pages\/28\/revisions"}],"predecessor-version":[{"id":2403,"href":"https:\/\/spv-meissen.de\/en\/wp-json\/wp\/v2\/pages\/28\/revisions\/2403"}],"wp:attachment":[{"href":"https:\/\/spv-meissen.de\/en\/wp-json\/wp\/v2\/media?parent=28"}],"curies":[{"name":"wp","href":"https:\/\/api.w.org\/{rel}","templated":true}]}}