{"id":194,"date":"2018-12-06T20:58:11","date_gmt":"2018-12-06T19:58:11","guid":{"rendered":"http:\/\/spv-meissen.de\/?page_id=194"},"modified":"2025-03-02T14:08:11","modified_gmt":"2025-03-02T13:08:11","slug":"korfu","status":"publish","type":"page","link":"https:\/\/spv-meissen.de\/fr\/korfu\/","title":{"rendered":"Korfu"},"content":{"rendered":"<p>Am 24.05.1996 wurde die Urkunde der St\u00e4dtepartnerschaft mit der griechischen Stadt Korfu unterzeichnet.<\/p>\n<p><img fetchpriority=\"high\" decoding=\"async\" class=\"alignnone wp-image-202 size-full\" src=\"https:\/\/spv-meissen.de\/wp-content\/uploads\/2018\/12\/Korfu-Stadt-Karte-OpenStreetMap.jpg\" alt=\"\" width=\"802\" height=\"590\" srcset=\"https:\/\/spv-meissen.de\/wp-content\/uploads\/2018\/12\/Korfu-Stadt-Karte-OpenStreetMap.jpg 802w, https:\/\/spv-meissen.de\/wp-content\/uploads\/2018\/12\/Korfu-Stadt-Karte-OpenStreetMap-300x221.jpg 300w, https:\/\/spv-meissen.de\/wp-content\/uploads\/2018\/12\/Korfu-Stadt-Karte-OpenStreetMap-768x565.jpg 768w, https:\/\/spv-meissen.de\/wp-content\/uploads\/2018\/12\/Korfu-Stadt-Karte-OpenStreetMap-136x100.jpg 136w\" sizes=\"(max-width: 802px) 100vw, 802px\" \/><br \/>\n<sup style=\"font-size: .7em; line-height: 2em;\">Daten von <a href=\"http:\/\/www.openstreetmap.org\/\">OpenStreetMap<\/a> &#8211; Ver\u00f6ffentlicht unter <a href=\"http:\/\/opendatacommons.org\/licenses\/odbl\/\">ODbL<\/a><\/sup><\/p>\n<p>Korfu, Hauptstadt der gleichnamigen Insel im Mittelmeer, ist ein beliebtes Urlaubsziel und ber\u00fchmt f\u00fcr sch\u00f6ne Oliven- und Zypressenhaine.<\/p>\n<p><strong>Wichtige Daten:<\/strong><\/p>\n<p>Land: Griechenland<br \/>\nInsel: Ionische Inseln<br \/>\nPr\u00e4fektur (Landkreis): Korfu<br \/>\nFl\u00e4che: 41,9 km\u00b2<\/p>\n<p><strong>Kleine Stadtchronik:<\/strong><\/p>\n<ul>\n<li>229 v. Chr. Korfu unterwarf sich dem R\u00f6mischen Reich<\/li>\n<li>1204 wird Korfu Teil der Republik Venedig<\/li>\n<li>1815 wird Korfu zur Hauptstadt der unabh\u00e4ngigen Ionischen Inselrepublik<\/li>\n<li>1864 gliedert sich Korfu zu Griechenland an<\/li>\n<li>2007 wurde die Altstadt von Korfu in die UNESCO-Liste des Weltkulturerbes aufgenommen<\/li>\n<\/ul>\n<p><strong>Wirtschaft:<\/strong><\/p>\n<ul>\n<li>Tourismus<\/li>\n<li>Fischerei<\/li>\n<li>Landwirtschaft<\/li>\n<\/ul>\n<p><strong>Kultur und Sehensw\u00fcrdigkeiten:<\/strong><\/p>\n<ul>\n<li>Neue Festung<\/li>\n<li>Artemistempel<\/li>\n<li>Alter Palast (1819-1823 erbaut)<\/li>\n<li>Agios-Jason-Sossipatros-Kirche<\/li>\n<li>Arch\u00e4ologisches Museum<\/li>\n<li>Museum f\u00fcr Asiatische Kunst &#8211; umfangreiche historische Sammlung, seit 1927 im St. Michael &amp; St. George Palais<\/li>\n<\/ul>\n","protected":false},"excerpt":{"rendered":"<p>Am 24.05.1996 wurde die Urkunde der St\u00e4dtepartnerschaft mit der griechischen Stadt Korfu unterzeichnet. Daten von OpenStreetMap &#8211; Ver\u00f6ffentlicht unter ODbL Korfu, Hauptstadt der gleichnamigen Insel im Mittelmeer, ist ein beliebtes Urlaubsziel und ber\u00fchmt f\u00fcr sch\u00f6ne Oliven- und Zypressenhaine. Wichtige Daten: Land: Griechenland Insel: Ionische Inseln Pr\u00e4fektur (Landkreis): Korfu Fl\u00e4che: 41,9 km\u00b2 Kleine Stadtchronik: 229 v. Chr. Korfu unterwarf sich dem R\u00f6mischen Reich 1204 wird Korfu Teil der Republik Venedig 1815 wird Korfu zur Hauptstadt der unabh\u00e4ngigen Ionischen Inselrepublik 1864 gliedert sich Korfu zu Griechenland an 2007 wurde die Altstadt von Korfu in die UNESCO-Liste des Weltkulturerbes aufgenommen Wirtschaft: Tourismus Fischerei Landwirtschaft Kultur und Sehensw\u00fcrdigkeiten: Neue Festung Artemistempel Alter Palast (1819-1823 erbaut) Agios-Jason-Sossipatros-Kirche Arch\u00e4ologisches Museum Museum f\u00fcr Asiatische Kunst &#8211; umfangreiche historische Sammlung, seit 1927 im St. Michael &amp; St. George Palais<\/p>\n","protected":false},"author":2,"featured_media":0,"parent":0,"menu_order":0,"comment_status":"closed","ping_status":"closed","template":"","meta":{"footnotes":""},"class_list":["post-194","page","type-page","status-publish","hentry"],"translation":{"provider":"WPGlobus","version":"3.0.2","language":"fr","enabled_languages":["de","fr","ja","el","cs","en","pl"],"languages":{"de":{"title":true,"content":true,"excerpt":false},"fr":{"title":false,"content":false,"excerpt":false},"ja":{"title":false,"content":false,"excerpt":false},"el":{"title":false,"content":false,"excerpt":false},"cs":{"title":false,"content":false,"excerpt":false},"en":{"title":false,"content":false,"excerpt":false},"pl":{"title":false,"content":false,"excerpt":false}}},"jetpack_sharing_enabled":true,"_links":{"self":[{"href":"https:\/\/spv-meissen.de\/fr\/wp-json\/wp\/v2\/pages\/194","targetHints":{"allow":["GET"]}}],"collection":[{"href":"https:\/\/spv-meissen.de\/fr\/wp-json\/wp\/v2\/pages"}],"about":[{"href":"https:\/\/spv-meissen.de\/fr\/wp-json\/wp\/v2\/types\/page"}],"author":[{"embeddable":true,"href":"https:\/\/spv-meissen.de\/fr\/wp-json\/wp\/v2\/users\/2"}],"replies":[{"embeddable":true,"href":"https:\/\/spv-meissen.de\/fr\/wp-json\/wp\/v2\/comments?post=194"}],"version-history":[{"count":9,"href":"https:\/\/spv-meissen.de\/fr\/wp-json\/wp\/v2\/pages\/194\/revisions"}],"predecessor-version":[{"id":2405,"href":"https:\/\/spv-meissen.de\/fr\/wp-json\/wp\/v2\/pages\/194\/revisions\/2405"}],"wp:attachment":[{"href":"https:\/\/spv-meissen.de\/fr\/wp-json\/wp\/v2\/media?parent=194"}],"curies":[{"name":"wp","href":"https:\/\/api.w.org\/{rel}","templated":true}]}}