{"id":220,"date":"2018-12-07T20:19:44","date_gmt":"2018-12-07T19:19:44","guid":{"rendered":"http:\/\/spv-meissen.de\/?page_id=220"},"modified":"2025-03-02T14:09:10","modified_gmt":"2025-03-02T13:09:10","slug":"provo","status":"publish","type":"page","link":"https:\/\/spv-meissen.de\/fr\/provo\/","title":{"rendered":"Provo"},"content":{"rendered":"<p>Provo in den USA ist seit dem 14.07.2001 ebenfalls eine Partnerstadt von Mei\u00dfen.<\/p>\n<p><img fetchpriority=\"high\" decoding=\"async\" class=\"alignnone wp-image-225 size-full\" src=\"https:\/\/spv-meissen.de\/wp-content\/uploads\/2018\/12\/Provo-Karte-OpenStreetMap.jpg\" alt=\"\" width=\"842\" height=\"566\" srcset=\"https:\/\/spv-meissen.de\/wp-content\/uploads\/2018\/12\/Provo-Karte-OpenStreetMap.jpg 842w, https:\/\/spv-meissen.de\/wp-content\/uploads\/2018\/12\/Provo-Karte-OpenStreetMap-300x202.jpg 300w, https:\/\/spv-meissen.de\/wp-content\/uploads\/2018\/12\/Provo-Karte-OpenStreetMap-768x516.jpg 768w, https:\/\/spv-meissen.de\/wp-content\/uploads\/2018\/12\/Provo-Karte-OpenStreetMap-149x100.jpg 149w\" sizes=\"(max-width: 842px) 100vw, 842px\" \/><br \/>\n<sup style=\"font-size: .7em; line-height: 2em;\">Daten von <a href=\"http:\/\/www.openstreetmap.org\/\">OpenStreetMap<\/a> &#8211; Ver\u00f6ffentlicht unter <a href=\"http:\/\/opendatacommons.org\/licenses\/odbl\/\">ODbL<\/a><\/sup><\/p>\n<p>Provo, Standort der Brigham Young Akademie, deren erster Direktor sowie Superintendent des LDS Kirchen-Bildungs-Systems der Mei\u00dfner Karl G. M\u00e4ser war, liegt ca. 80 km von der Olympiastadt Salt Lake City entfernt.<\/p>\n<p><strong>Wichtige Daten:<\/strong><\/p>\n<p>Land: USA<br \/>\nBundesstaat: Utah<br \/>\nFl\u00e4che: 108,2 km\u00b2<\/p>\n<p><strong>Kleine Stadtchronik:<\/strong><\/p>\n<ul>\n<li>1849 Gr\u00fcndung der Stadt unter dem Namen Fort Utah<\/li>\n<li>1850 Umbenennung in Provo<\/li>\n<\/ul>\n<p><strong>Wirtschaft:<\/strong><\/p>\n<ul>\n<li>US-amerikanische Hightech-Firma Novell Inc. (Netzwerk- und Internet-Software-Produkte mit 5.200 Mitarbeitern)<\/li>\n<li>Tahitian Noni International Inc. (Kosmetik- und Lebensmittelprodukte)<\/li>\n<\/ul>\n<p><strong>Kultur und Sehensw\u00fcrdigkeiten:<\/strong><\/p>\n<ul>\n<li>Brigham Young University<\/li>\n<li>Provo Utah Temple<\/li>\n<li>Seven Peaks Resort Water Park<\/li>\n<li>Monte L. Bean Life Science Museum \u2013 Naturwissenschaftsmuseum<\/li>\n<li>Brigham Young Univ. Earth Sciences Museum \u2013 Dinosauriermuseum<\/li>\n<\/ul>\n","protected":false},"excerpt":{"rendered":"<p>Provo in den USA ist seit dem 14.07.2001 ebenfalls eine Partnerstadt von Mei\u00dfen. Daten von OpenStreetMap &#8211; Ver\u00f6ffentlicht unter ODbL Provo, Standort der Brigham Young Akademie, deren erster Direktor sowie Superintendent des LDS Kirchen-Bildungs-Systems der Mei\u00dfner Karl G. M\u00e4ser war, liegt ca. 80 km von der Olympiastadt Salt Lake City entfernt. Wichtige Daten: Land: USA Bundesstaat: Utah Fl\u00e4che: 108,2 km\u00b2 Kleine Stadtchronik: 1849 Gr\u00fcndung der Stadt unter dem Namen Fort Utah 1850 Umbenennung in Provo Wirtschaft: US-amerikanische Hightech-Firma Novell Inc. (Netzwerk- und Internet-Software-Produkte mit 5.200 Mitarbeitern) Tahitian Noni International Inc. (Kosmetik- und Lebensmittelprodukte) Kultur und Sehensw\u00fcrdigkeiten: Brigham Young University Provo Utah Temple Seven Peaks Resort Water Park Monte L. Bean Life Science Museum \u2013 Naturwissenschaftsmuseum Brigham Young Univ. Earth Sciences Museum \u2013 Dinosauriermuseum<\/p>\n","protected":false},"author":2,"featured_media":0,"parent":0,"menu_order":0,"comment_status":"closed","ping_status":"closed","template":"","meta":{"footnotes":""},"class_list":["post-220","page","type-page","status-publish","hentry"],"translation":{"provider":"WPGlobus","version":"3.0.2","language":"fr","enabled_languages":["de","fr","ja","el","cs","en","pl"],"languages":{"de":{"title":true,"content":true,"excerpt":false},"fr":{"title":false,"content":false,"excerpt":false},"ja":{"title":false,"content":false,"excerpt":false},"el":{"title":false,"content":false,"excerpt":false},"cs":{"title":false,"content":false,"excerpt":false},"en":{"title":false,"content":false,"excerpt":false},"pl":{"title":false,"content":false,"excerpt":false}}},"jetpack_sharing_enabled":true,"_links":{"self":[{"href":"https:\/\/spv-meissen.de\/fr\/wp-json\/wp\/v2\/pages\/220","targetHints":{"allow":["GET"]}}],"collection":[{"href":"https:\/\/spv-meissen.de\/fr\/wp-json\/wp\/v2\/pages"}],"about":[{"href":"https:\/\/spv-meissen.de\/fr\/wp-json\/wp\/v2\/types\/page"}],"author":[{"embeddable":true,"href":"https:\/\/spv-meissen.de\/fr\/wp-json\/wp\/v2\/users\/2"}],"replies":[{"embeddable":true,"href":"https:\/\/spv-meissen.de\/fr\/wp-json\/wp\/v2\/comments?post=220"}],"version-history":[{"count":5,"href":"https:\/\/spv-meissen.de\/fr\/wp-json\/wp\/v2\/pages\/220\/revisions"}],"predecessor-version":[{"id":2407,"href":"https:\/\/spv-meissen.de\/fr\/wp-json\/wp\/v2\/pages\/220\/revisions\/2407"}],"wp:attachment":[{"href":"https:\/\/spv-meissen.de\/fr\/wp-json\/wp\/v2\/media?parent=220"}],"curies":[{"name":"wp","href":"https:\/\/api.w.org\/{rel}","templated":true}]}}