{"id":10,"date":"2018-08-05T17:50:07","date_gmt":"2018-08-05T15:50:07","guid":{"rendered":"http:\/\/spv-meissen.de\/?page_id=10"},"modified":"2025-04-15T10:04:12","modified_gmt":"2025-04-15T08:04:12","slug":"verein","status":"publish","type":"page","link":"https:\/\/spv-meissen.de\/ja\/verein\/","title":{"rendered":"Verein"},"content":{"rendered":"<p>Der St\u00e4dtepartnerschaftsverein wurde 1998 unter dem Namen St\u00e4dtepartnerschaftskomitee e. V. gegr\u00fcndet und hat 30 Mitglieder.<\/p>\n<p><strong>Dem Vorstand geh\u00f6ren an:<\/strong><br \/>Erster Vorsitzende: J\u00fcrgen Rei\u00df<br \/>Zweite Vorsitzende: Beatrice Saske<br \/>Schatzmeister: Enno Linke<br \/>Stellvertretende Schatzmeisterin: Jaqueline Rei\u00df<br \/>Beisitzerin: B\u00e4rbel Ramminger<\/p>\n<h3>Aufgaben und Ziele des St\u00e4dtepartnerschaftsvereins:<\/h3>\n<ul>\n<li>Beteiligung von B\u00fcrgern an St\u00e4dtepartnerschaften, so z. B.<br \/>bei der Betreuung von Besuchern aus unseren Partnerst\u00e4dten (u. a. beim Weinfest)<br \/>bzw. bei der Durchf\u00fchrung von Reisen in die Partnerst\u00e4dte<\/li>\n<li>Vermittlung von Kontakten zwischen Organisationen und Kultureinrichtungen der Partnerst\u00e4dte<\/li>\n<li>Organisation und Betreuung von Austausch und Begegnung von Kindern, Jugendlichen und Erwachsenen<\/li>\n<li>F\u00f6rderung einer freundschaftlichen internationalen Atmosph\u00e4re<\/li>\n<\/ul>\n<p><strong>Weitere Informationen:<br \/><\/strong><a href=\"https:\/\/spv-meissen.de\/wp-content\/uploads\/Rechtliches\/Satzung.pdf\" target=\"_blank\" rel=\"noopener\">Satzung<\/a><br \/><a href=\"https:\/\/spv-meissen.de\/wp-content\/uploads\/2025\/04\/Beitrittserklaerung-1.pdf\" target=\"_blank\" rel=\"noopener\">Beitrittserkl\u00e4rung<\/a><strong><br \/><\/strong><\/p>\n<p>Einige unserer Mitglieder mit St\u00e4dtepartnerschaftsvereinsmitgliedern aus Fellbach<\/p>\n\n\n<figure class=\"wp-block-image size-full\"><img fetchpriority=\"high\" decoding=\"async\" width=\"1024\" height=\"460\" src=\"https:\/\/spv-meissen.de\/wp-content\/uploads\/2022\/01\/Gruppenbild-mit-Freunden-aus-Fellbach.jpg\" alt=\"\" class=\"wp-image-1589\" srcset=\"https:\/\/spv-meissen.de\/wp-content\/uploads\/2022\/01\/Gruppenbild-mit-Freunden-aus-Fellbach.jpg 1024w, https:\/\/spv-meissen.de\/wp-content\/uploads\/2022\/01\/Gruppenbild-mit-Freunden-aus-Fellbach-300x135.jpg 300w, https:\/\/spv-meissen.de\/wp-content\/uploads\/2022\/01\/Gruppenbild-mit-Freunden-aus-Fellbach-768x345.jpg 768w, https:\/\/spv-meissen.de\/wp-content\/uploads\/2022\/01\/Gruppenbild-mit-Freunden-aus-Fellbach-223x100.jpg 223w\" sizes=\"(max-width: 1024px) 100vw, 1024px\" \/><\/figure>\n","protected":false},"excerpt":{"rendered":"<p>Der St\u00e4dtepartnerschaftsverein wurde 1998 unter dem Namen St\u00e4dtepartnerschaftskomitee e. V. gegr\u00fcndet und hat 30 Mitglieder. Dem Vorstand geh\u00f6ren an:Erster Vorsitzende: J\u00fcrgen Rei\u00dfZweite Vorsitzende: Beatrice SaskeSchatzmeister: Enno LinkeStellvertretende Schatzmeisterin: Jaqueline Rei\u00dfBeisitzerin: B\u00e4rbel Ramminger Aufgaben und Ziele des St\u00e4dtepartnerschaftsvereins: Beteiligung von B\u00fcrgern an St\u00e4dtepartnerschaften, so z. B.bei der Betreuung von Besuchern aus unseren Partnerst\u00e4dten (u. a. beim Weinfest)bzw. bei der Durchf\u00fchrung von Reisen in die Partnerst\u00e4dte Vermittlung von Kontakten zwischen Organisationen und Kultureinrichtungen der Partnerst\u00e4dte Organisation und Betreuung von Austausch und Begegnung von Kindern, Jugendlichen und Erwachsenen F\u00f6rderung einer freundschaftlichen internationalen Atmosph\u00e4re Weitere Informationen:SatzungBeitrittserkl\u00e4rung Einige unserer Mitglieder mit St\u00e4dtepartnerschaftsvereinsmitgliedern aus Fellbach<\/p>\n","protected":false},"author":4,"featured_media":0,"parent":0,"menu_order":0,"comment_status":"closed","ping_status":"closed","template":"","meta":{"footnotes":""},"class_list":["post-10","page","type-page","status-publish","hentry"],"translation":{"provider":"WPGlobus","version":"3.0.2","language":"ja","enabled_languages":["de","fr","ja","el","cs","en","pl"],"languages":{"de":{"title":true,"content":true,"excerpt":false},"fr":{"title":false,"content":false,"excerpt":false},"ja":{"title":false,"content":false,"excerpt":false},"el":{"title":false,"content":false,"excerpt":false},"cs":{"title":false,"content":false,"excerpt":false},"en":{"title":false,"content":false,"excerpt":false},"pl":{"title":false,"content":false,"excerpt":false}}},"jetpack_sharing_enabled":true,"_links":{"self":[{"href":"https:\/\/spv-meissen.de\/ja\/wp-json\/wp\/v2\/pages\/10","targetHints":{"allow":["GET"]}}],"collection":[{"href":"https:\/\/spv-meissen.de\/ja\/wp-json\/wp\/v2\/pages"}],"about":[{"href":"https:\/\/spv-meissen.de\/ja\/wp-json\/wp\/v2\/types\/page"}],"author":[{"embeddable":true,"href":"https:\/\/spv-meissen.de\/ja\/wp-json\/wp\/v2\/users\/4"}],"replies":[{"embeddable":true,"href":"https:\/\/spv-meissen.de\/ja\/wp-json\/wp\/v2\/comments?post=10"}],"version-history":[{"count":27,"href":"https:\/\/spv-meissen.de\/ja\/wp-json\/wp\/v2\/pages\/10\/revisions"}],"predecessor-version":[{"id":2431,"href":"https:\/\/spv-meissen.de\/ja\/wp-json\/wp\/v2\/pages\/10\/revisions\/2431"}],"wp:attachment":[{"href":"https:\/\/spv-meissen.de\/ja\/wp-json\/wp\/v2\/media?parent=10"}],"curies":[{"name":"wp","href":"https:\/\/api.w.org\/{rel}","templated":true}]}}