{"id":7,"date":"2018-08-05T17:48:23","date_gmt":"2018-08-05T15:48:23","guid":{"rendered":"http:\/\/spv-meissen.de\/?page_id=7"},"modified":"2022-01-23T18:36:39","modified_gmt":"2022-01-23T17:36:39","slug":"startseite","status":"publish","type":"page","link":"https:\/\/spv-meissen.de\/ja\/","title":{"rendered":"Startseite"},"content":{"rendered":"<h1>SPV Mei\u00dfen \u2013 Kurz\u00fcberblick<\/h1>\n<p>Der St\u00e4dtepartnerschaftsverein Mei\u00dfen e. V. unterst\u00fctzt die Beteiligung von B\u00fcrgern an den sieben St\u00e4dtepartnerschaften:<\/p>\n<ul>\n<li><a href=\"\/vitry-sur-seine\/\">Vitry-sur-Seine<\/a><\/li>\n<li><a href=\"\/arita-cho\/\">Arita-cho<\/a><\/li>\n<li><a href=\"\/fellbach\/\">Fellbach<\/a><\/li>\n<li><a href=\"\/korfu\/\">Korfu<\/a><\/li>\n<li><a href=\"\/leitmeritz\/\">Litom\u011b\u0159ice<\/a><\/li>\n<li><a href=\"\/provo\/\">Provo<\/a><\/li>\n<li><a href=\"\/legnica\/\">Legnica<\/a><\/li>\n<\/ul>\n<p>Zu den Vereinsaufgaben z\u00e4hlt unter anderem die Organisation von Reisen und des regelm\u00e4\u00dfigen Familienaustausches mit Vitry-sur-Seine.<\/p>\n<p>Au\u00dferdem planen wir die Betreuung von Besuchern aus den Partnerst\u00e4dten und vermitteln Kontakte zwischen Kultureinrichtungen und den jeweiligen Organisationen der Partnerst\u00e4dte.<\/p>\n<p>Der Verein f\u00f6rdert die Begegnung zwischen den Kulturen und leistet so einen kleinen Beitrag f\u00fcr ein friedliches und freundschaftliches Zusammenleben.<\/p>\n<h2>Orientierungshilfe<\/h2>\n<p>Mit nachfolgenden Links gelangen Sie schnell zu den gew\u00fcnschten Informationen.<\/p>\n<ul>\n<li><a href=\"https:\/\/spv-meissen.de\/impressum\/\">Im Impressum finden Sie Kontaktdaten, um mit uns in Verbinung zu treten.<\/a><\/li>\n<li><a href=\"https:\/\/spv-meissen.de\/verein\/\">M\u00f6chten sie Mitglied werden? Oder ben\u00f6tigen Sie weitere Informationen zum Verein?<\/a><\/li>\n<li><a href=\"https:\/\/spv-meissen.de\/veranstaltungen\/\">Unseren Programmplan finden Sie auf der Seite Veranstaltungen.<\/a><\/li>\n<li><a href=\"https:\/\/spv-meissen.de\/partnerstaedte\/\">Mehr zu den St\u00e4dtepartnerschaften erfahren Sie unter Partnerst\u00e4dte.<\/a><\/li>\n<li><a href=\"https:\/\/spv-meissen.de\/blog\/\">Im Blog finden Sie Erfahrungsberichte und Beitr\u00e4ge zu unseren Vereinsaktivit\u00e4ten.<\/a><\/li>\n<\/ul>\n\n\n<div class=\"wp-block-image\"><figure class=\"alignleft size-full is-resized\"><img fetchpriority=\"high\" decoding=\"async\" src=\"https:\/\/spv-meissen.de\/wp-content\/uploads\/2022\/01\/instagram-1.jpg\" alt=\"\" class=\"wp-image-1594\" width=\"290\" height=\"288\" srcset=\"https:\/\/spv-meissen.de\/wp-content\/uploads\/2022\/01\/instagram-1.jpg 934w, https:\/\/spv-meissen.de\/wp-content\/uploads\/2022\/01\/instagram-1-300x298.jpg 300w, https:\/\/spv-meissen.de\/wp-content\/uploads\/2022\/01\/instagram-1-150x150.jpg 150w, https:\/\/spv-meissen.de\/wp-content\/uploads\/2022\/01\/instagram-1-768x763.jpg 768w, https:\/\/spv-meissen.de\/wp-content\/uploads\/2022\/01\/instagram-1-90x90.jpg 90w, https:\/\/spv-meissen.de\/wp-content\/uploads\/2022\/01\/instagram-1-101x100.jpg 101w\" sizes=\"(max-width: 290px) 100vw, 290px\" \/><figcaption>instagram<\/figcaption><\/figure><\/div>\n\n\n\n<p><\/p>\n","protected":false},"excerpt":{"rendered":"<p>SPV Mei\u00dfen \u2013 Kurz\u00fcberblick Der St\u00e4dtepartnerschaftsverein Mei\u00dfen e. V. unterst\u00fctzt die Beteiligung von B\u00fcrgern an den sieben St\u00e4dtepartnerschaften: Vitry-sur-Seine Arita-cho Fellbach Korfu Litom\u011b\u0159ice Provo Legnica Zu den Vereinsaufgaben z\u00e4hlt unter anderem die Organisation von Reisen und des regelm\u00e4\u00dfigen Familienaustausches mit Vitry-sur-Seine. Au\u00dferdem planen wir die Betreuung von Besuchern aus den Partnerst\u00e4dten und vermitteln Kontakte zwischen Kultureinrichtungen und den jeweiligen Organisationen der Partnerst\u00e4dte. Der Verein f\u00f6rdert die Begegnung zwischen den Kulturen und leistet so einen kleinen Beitrag f\u00fcr ein friedliches und freundschaftliches Zusammenleben. Orientierungshilfe Mit nachfolgenden Links gelangen Sie schnell zu den gew\u00fcnschten Informationen. Im Impressum finden Sie Kontaktdaten, um mit uns in Verbinung zu treten. M\u00f6chten sie Mitglied werden? Oder ben\u00f6tigen Sie weitere Informationen zum Verein? Unseren Programmplan finden Sie auf der Seite Veranstaltungen. Mehr zu d<\/p>\n","protected":false},"author":2,"featured_media":50,"parent":0,"menu_order":0,"comment_status":"closed","ping_status":"closed","template":"","meta":{"footnotes":""},"class_list":["post-7","page","type-page","status-publish","has-post-thumbnail","hentry"],"translation":{"provider":"WPGlobus","version":"3.0.2","language":"ja","enabled_languages":["de","fr","ja","el","cs","en","pl"],"languages":{"de":{"title":true,"content":true,"excerpt":false},"fr":{"title":false,"content":false,"excerpt":false},"ja":{"title":false,"content":false,"excerpt":false},"el":{"title":false,"content":false,"excerpt":false},"cs":{"title":true,"content":true,"excerpt":false},"en":{"title":true,"content":true,"excerpt":false},"pl":{"title":false,"content":false,"excerpt":false}}},"jetpack_sharing_enabled":true,"_links":{"self":[{"href":"https:\/\/spv-meissen.de\/ja\/wp-json\/wp\/v2\/pages\/7","targetHints":{"allow":["GET"]}}],"collection":[{"href":"https:\/\/spv-meissen.de\/ja\/wp-json\/wp\/v2\/pages"}],"about":[{"href":"https:\/\/spv-meissen.de\/ja\/wp-json\/wp\/v2\/types\/page"}],"author":[{"embeddable":true,"href":"https:\/\/spv-meissen.de\/ja\/wp-json\/wp\/v2\/users\/2"}],"replies":[{"embeddable":true,"href":"https:\/\/spv-meissen.de\/ja\/wp-json\/wp\/v2\/comments?post=7"}],"version-history":[{"count":47,"href":"https:\/\/spv-meissen.de\/ja\/wp-json\/wp\/v2\/pages\/7\/revisions"}],"predecessor-version":[{"id":1596,"href":"https:\/\/spv-meissen.de\/ja\/wp-json\/wp\/v2\/pages\/7\/revisions\/1596"}],"wp:featuredmedia":[{"embeddable":true,"href":"https:\/\/spv-meissen.de\/ja\/wp-json\/wp\/v2\/media\/50"}],"wp:attachment":[{"href":"https:\/\/spv-meissen.de\/ja\/wp-json\/wp\/v2\/media?parent=7"}],"curies":[{"name":"wp","href":"https:\/\/api.w.org\/{rel}","templated":true}]}}