{"id":99,"date":"2018-11-25T16:17:15","date_gmt":"2018-11-25T15:17:15","guid":{"rendered":"http:\/\/spv-meissen.de\/?page_id=99"},"modified":"2018-11-25T16:18:09","modified_gmt":"2018-11-25T15:18:09","slug":"test-seite","status":"publish","type":"page","link":"https:\/\/spv-meissen.de\/ja\/test-seite\/","title":{"rendered":"Test-Seite"},"content":{"rendered":"<h1>h1 \u00dcberschrift<\/h1>\n<h2>h2 \u00dcberschrift<\/h2>\n<h3>h3 \u00dcberschrift<\/h3>\n<h4>h4 \u00dcberschrift<\/h4>\n<h5>h5 \u00dcberschrift<\/h5>\n<h6>h6 \u00dcberschrift <\/h6>\n<p>Ich bin ein Absatztext. Da ich viele W\u00f6rter, S\u00e4tze und Informationen enthalte, muss ich gut lesbar sein. Zeilenl\u00e4nge, Schriftart und Schriftgr\u00f6\u00dfe sowie der Zeilenabstand sollten also gut \u00fcberlegt sein.<\/p>\n","protected":false},"excerpt":{"rendered":"<p>h1 \u00dcberschrift h2 \u00dcberschrift h3 \u00dcberschrift h4 \u00dcberschrift h5 \u00dcberschrift h6 \u00dcberschrift Ich bin ein Absatztext. Da ich viele W\u00f6rter, S\u00e4tze und Informationen enthalte, muss ich gut lesbar sein. Zeilenl\u00e4nge, Schriftart und Schriftgr\u00f6\u00dfe sowie der Zeilenabstand sollten also gut \u00fcberlegt sein.<\/p>\n","protected":false},"author":2,"featured_media":0,"parent":0,"menu_order":0,"comment_status":"closed","ping_status":"closed","template":"","meta":{"footnotes":""},"class_list":["post-99","page","type-page","status-publish","hentry"],"translation":{"provider":"WPGlobus","version":"3.0.2","language":"ja","enabled_languages":["de","fr","ja","el","cs","en","pl"],"languages":{"de":{"title":true,"content":true,"excerpt":false},"fr":{"title":false,"content":false,"excerpt":false},"ja":{"title":false,"content":false,"excerpt":false},"el":{"title":false,"content":false,"excerpt":false},"cs":{"title":false,"content":false,"excerpt":false},"en":{"title":false,"content":false,"excerpt":false},"pl":{"title":false,"content":false,"excerpt":false}}},"jetpack_sharing_enabled":true,"_links":{"self":[{"href":"https:\/\/spv-meissen.de\/ja\/wp-json\/wp\/v2\/pages\/99","targetHints":{"allow":["GET"]}}],"collection":[{"href":"https:\/\/spv-meissen.de\/ja\/wp-json\/wp\/v2\/pages"}],"about":[{"href":"https:\/\/spv-meissen.de\/ja\/wp-json\/wp\/v2\/types\/page"}],"author":[{"embeddable":true,"href":"https:\/\/spv-meissen.de\/ja\/wp-json\/wp\/v2\/users\/2"}],"replies":[{"embeddable":true,"href":"https:\/\/spv-meissen.de\/ja\/wp-json\/wp\/v2\/comments?post=99"}],"version-history":[{"count":3,"href":"https:\/\/spv-meissen.de\/ja\/wp-json\/wp\/v2\/pages\/99\/revisions"}],"predecessor-version":[{"id":104,"href":"https:\/\/spv-meissen.de\/ja\/wp-json\/wp\/v2\/pages\/99\/revisions\/104"}],"wp:attachment":[{"href":"https:\/\/spv-meissen.de\/ja\/wp-json\/wp\/v2\/media?parent=99"}],"curies":[{"name":"wp","href":"https:\/\/api.w.org\/{rel}","templated":true}]}}