{"id":12,"date":"2018-08-05T17:55:26","date_gmt":"2018-08-05T15:55:26","guid":{"rendered":"http:\/\/spv-meissen.de\/?page_id=12"},"modified":"2026-02-12T20:04:12","modified_gmt":"2026-02-12T19:04:12","slug":"veranstaltungen","status":"publish","type":"page","link":"https:\/\/spv-meissen.de\/pl\/veranstaltungen\/","title":{"rendered":"Veranstaltungen"},"content":{"rendered":"\n<p>\u2022<strong> 21. April 2026 &#8211; 18.30 Uhr<\/strong> Mitgliederversammlung<br>\u2022<strong> 26. April 2026<\/strong> &#8211; Internationaler Tag der St\u00e4dtepartnerschaften<br>                             Pr\u00e4sentation der St\u00e4dtepartnerschaften am Br\u00fcckenkopf Altstadtbr\u00fccke<br>\u2022 <strong>09. Mai 2026<\/strong> &#8211; Vereinswanderung international mit Legnica<br>\u2022 <strong>22. bis 24. Mai 2026<\/strong> &#8211; Fliederfest in Vitry-sur-Seine<br>\u2022<strong> 01. Juni 2026<\/strong> &#8211; Nachmittag, Kindertagesst\u00e4tte Sonnenschein \u2013 Kinderfest<br>\u2022<strong> 11. bis 14. Juni 2026 <\/strong>\u2013 Literaturfest<br>             Donnerstag, 11. Juni 2026 \u2013 Matthias Cotta liest im Bootshaus Mei\u00dfen<br>             Samstag, 13. Juni 2026, Weinladen Burgstra\u00dfe, Beatrix Kant aus Fellbach liest<br>             Sonntag, 14. Juni 2025, 13.00 Uhr bis 16.00 Uhr Kinderlesefest, Rathausinnenhof Mei\u00dfen<br>\u2022 <strong>18. August 2026 &#8211; 18.30 Uhr <\/strong>\u2013 Mitgliederversammlung<br>\u2022 <strong>September 2026<\/strong> \u2013 Legnica, Kranzniederlegung<br>\u2022 <strong>05. September 2026 &#8211; 14.00 Uhr bis 18.00 Uhr<\/strong> &#8211; Heiliger Grund \u2013 Fest der Vereine \u201eMitmachfestival\u201c<br>\u2022 <strong>18. bis 20. September 2026<\/strong> \u2013 Weinfest<br>\u2022 <strong>09. bis 11. Oktober 2026<\/strong> &#8211; Fellbacher Herbst<br>\u2022 <strong>Herbstferien<\/strong> \u2013 Jubil\u00e4umskochspa\u00df f\u00fcr Ferienkinder<br>\u2022 <strong>15. bis 19. Oktober 2026<\/strong> &#8211; Deutsch-franz\u00f6sischer Familienaustausch in Mei\u00dfen<br>\u2022<strong> 30. Oktober bis 1. November 2026 <\/strong>\u2013 Jubil\u00e4umswochenende &#8211; Litom\u011b\u0159ice, Korfu, Provo<br>\u2022 <strong>20. November 2026<\/strong> \u2013 Bundesweiter Vorlesetag<br>                                       Lesungen in den Kindertagesst\u00e4tten Nassaum\u00fccken und Sonnenschein<br>\u2022<strong> 11. Dezember 2026 &#8211; 18.30 Uhr<\/strong> \u2013 Weihnachtsfeier<br>\u2022 <strong>Dezember 2026<\/strong> \u2013 Weihnachtsmarkt &amp; Weihnachtslesung bei den Nassaum\u00fccken<\/p>\n\n\n\n<p><\/p>\n","protected":false},"excerpt":{"rendered":"<p>\u2022 21. April 2026 &#8211; 18.30 Uhr Mitgliederversammlung\u2022 26. April 2026 &#8211; Internationaler Tag der St\u00e4dtepartnerschaften Pr\u00e4sentation der St\u00e4dtepartnerschaften am Br\u00fcckenkopf Altstadtbr\u00fccke\u2022 09. Mai 2026 &#8211; Vereinswanderung international mit Legnica\u2022 22. bis 24. Mai 2026 &#8211; Fliederfest in Vitry-sur-Seine\u2022 01. Juni 2026 &#8211; Nachmittag, Kindertagesst\u00e4tte Sonnenschein \u2013 Kinderfest\u2022 11. bis 14. Juni 2026 \u2013 Literaturfest Donnerstag, 11. Juni 2026 \u2013 Matthias Cotta liest im Bootshaus Mei\u00dfen Samstag, 13. Juni 2026, Weinladen Burgstra\u00dfe, Beatrix Kant aus Fellbach liest Sonntag, 14. Juni 2025, 13.00 Uhr bis 16.00 Uhr Kinderlesefest, Rathausinnenhof Mei\u00dfen\u2022 18. August 2026 &#8211; 18.30 Uhr \u2013 Mitgliederversammlung\u2022 September 2026 \u2013 Legnica, Kranzniederlegung\u2022 05. September 2026 &#8211; 14.00 Uhr bis 18.00 Uhr &#8211; Heiliger Grund \u2013 Fest der Vereine \u201eMitmachfestival\u201c\u2022 18. bis 20. September 2026 \u2013 Weinfest\u2022 09. bis 11. Oktober 2026 &#8211; Fellbacher Herbst\u2022 Herbstferien \u2013 Jubil\u00e4umskochspa\u00df f\u00fcr Ferienkinder\u2022 15. bis 19. Oktober 2026 &#8211; Deutsch-franz\u00f6sischer Familienaustausch in Mei\u00dfen\u2022 30. Oktober bis 1. November 2026 \u2013 Jubil\u00e4umswochenende &#8211; Litom\u011b\u0159ice, Korfu, Provo\u2022 20. November 2026 \u2013 Bundesweiter Vorlesetag Lesungen in den Kindertagesst\u00e4tten Nassaum\u00fccken und Sonnenschein\u2022 11. Dezember 2026 &#8211; 18.30 Uhr \u2013 Weihnachtsfeier\u2022 Dezember 2026 \u2013 Weihnachtsmarkt &amp; Weihnachtslesung bei den Nassaum\u00fccken<\/p>\n","protected":false},"author":4,"featured_media":0,"parent":0,"menu_order":0,"comment_status":"closed","ping_status":"closed","template":"","meta":{"footnotes":""},"class_list":["post-12","page","type-page","status-publish","hentry"],"translation":{"provider":"WPGlobus","version":"3.0.2","language":"pl","enabled_languages":["de","fr","ja","el","cs","en","pl"],"languages":{"de":{"title":true,"content":true,"excerpt":false},"fr":{"title":false,"content":false,"excerpt":false},"ja":{"title":false,"content":false,"excerpt":false},"el":{"title":false,"content":false,"excerpt":false},"cs":{"title":false,"content":false,"excerpt":false},"en":{"title":false,"content":false,"excerpt":false},"pl":{"title":false,"content":false,"excerpt":false}}},"jetpack_sharing_enabled":true,"_links":{"self":[{"href":"https:\/\/spv-meissen.de\/pl\/wp-json\/wp\/v2\/pages\/12","targetHints":{"allow":["GET"]}}],"collection":[{"href":"https:\/\/spv-meissen.de\/pl\/wp-json\/wp\/v2\/pages"}],"about":[{"href":"https:\/\/spv-meissen.de\/pl\/wp-json\/wp\/v2\/types\/page"}],"author":[{"embeddable":true,"href":"https:\/\/spv-meissen.de\/pl\/wp-json\/wp\/v2\/users\/4"}],"replies":[{"embeddable":true,"href":"https:\/\/spv-meissen.de\/pl\/wp-json\/wp\/v2\/comments?post=12"}],"version-history":[{"count":100,"href":"https:\/\/spv-meissen.de\/pl\/wp-json\/wp\/v2\/pages\/12\/revisions"}],"predecessor-version":[{"id":2647,"href":"https:\/\/spv-meissen.de\/pl\/wp-json\/wp\/v2\/pages\/12\/revisions\/2647"}],"wp:attachment":[{"href":"https:\/\/spv-meissen.de\/pl\/wp-json\/wp\/v2\/media?parent=12"}],"curies":[{"name":"wp","href":"https:\/\/api.w.org\/{rel}","templated":true}]}}