{"id":566,"date":"2017-12-15T15:49:06","date_gmt":"2017-12-15T14:49:06","guid":{"rendered":"http:\/\/spv-meissen.de\/?page_id=566"},"modified":"2025-03-02T14:09:44","modified_gmt":"2025-03-02T13:09:44","slug":"legnica","status":"publish","type":"page","link":"https:\/\/spv-meissen.de\/pl\/legnica\/","title":{"rendered":"Legnica"},"content":{"rendered":"<p>Am 08.12.2017 wurde die St\u00e4dtepartnerschaftsurkunde zwischen Legnica und Mei\u00dfen unterschrieben.<\/p>\n<p><img fetchpriority=\"high\" decoding=\"async\" class=\"alignnone wp-image-570 size-full\" src=\"https:\/\/spv-meissen.de\/wp-content\/uploads\/2018\/12\/Legnica-Karte-OpenStreetMap.jpg\" alt=\"\" width=\"715\" height=\"566\" srcset=\"https:\/\/spv-meissen.de\/wp-content\/uploads\/2018\/12\/Legnica-Karte-OpenStreetMap.jpg 715w, https:\/\/spv-meissen.de\/wp-content\/uploads\/2018\/12\/Legnica-Karte-OpenStreetMap-300x237.jpg 300w, https:\/\/spv-meissen.de\/wp-content\/uploads\/2018\/12\/Legnica-Karte-OpenStreetMap-126x100.jpg 126w\" sizes=\"(max-width: 715px) 100vw, 715px\" \/><br \/>\n<sup style=\"font-size: .7em; line-height: 2em;\">Daten von <a href=\"http:\/\/www.openstreetmap.org\/\">OpenStreetMap<\/a> &#8211; Ver\u00f6ffentlicht unter <a href=\"http:\/\/opendatacommons.org\/licenses\/odbl\/\">ODbL<\/a><\/sup><\/p>\n<p>Die kreisfreie Gro\u00dfstadt Legnica, zu deutsch Liegnitz, liegt im polnischen Verwaltungsbezirk Niederschlesien.<\/p>\n<p><strong>Wichtige Daten:<\/strong><\/p>\n<p>Land: Polen<br \/>\nVerwaltungsbezirk: Niederschlesien<br \/>\nFl\u00e4che: 56,3 km\u00b2<\/p>\n<p><strong>Kleine Stadtchronik:<\/strong><\/p>\n<ul>\n<li>1004 erste Erw\u00e4hnung<\/li>\n<li>1874 als dritte niederschlesische Stadt zum Stadtkreis ernannt<\/li>\n<li>1945 von der sowjetischen Besatzungsmacht unter polnische Verwaltung gestellt<\/li>\n<li>1992 durch den Papst zum Sitz des r\u00f6misch-katholischen Bistums Legnica erhoben<\/li>\n<\/ul>\n<p><strong>Wirtschaft:<\/strong><\/p>\n<ul>\n<li>Textilindustrie<\/li>\n<li>Metallverarbeitung<\/li>\n<li>chemisch-pharmazeutische Branche<\/li>\n<li>Holzindustrie<\/li>\n<li>Klavierbau<\/li>\n<li>Kupfervorkommen<\/li>\n<\/ul>\n<p><strong>Kultur und Sehensw\u00fcrdigkeiten:<\/strong><\/p>\n<ul>\n<li>Kathedrale St. Peter und Paul<\/li>\n<li>Marienkirche<\/li>\n<li>Piastenschloss<\/li>\n<li>Altes und Neues Rathaus<\/li>\n<li>Kupfermuseum<\/li>\n<li>Ritterakademie<\/li>\n<li>Franziskanerkloster<\/li>\n<li>Gro\u00dfer Ring mit Heringsbuden<\/li>\n<li>alte Stadttore<\/li>\n<\/ul>\n","protected":false},"excerpt":{"rendered":"<p>Am 08.12.2017 wurde die St\u00e4dtepartnerschaftsurkunde zwischen Legnica und Mei\u00dfen unterschrieben. Daten von OpenStreetMap &#8211; Ver\u00f6ffentlicht unter ODbL Die kreisfreie Gro\u00dfstadt Legnica, zu deutsch Liegnitz, liegt im polnischen Verwaltungsbezirk Niederschlesien. Wichtige Daten: Land: Polen Verwaltungsbezirk: Niederschlesien Fl\u00e4che: 56,3 km\u00b2 Kleine Stadtchronik: 1004 erste Erw\u00e4hnung 1874 als dritte niederschlesische Stadt zum Stadtkreis ernannt 1945 von der sowjetischen Besatzungsmacht unter polnische Verwaltung gestellt 1992 durch den Papst zum Sitz des r\u00f6misch-katholischen Bistums Legnica erhoben Wirtschaft: Textilindustrie Metallverarbeitung chemisch-pharmazeutische Branche Holzindustrie Klavierbau Kupfervorkommen Kultur und Sehensw\u00fcrdigkeiten: Kathedrale St. Peter und Paul Marienkirche Piastenschloss Altes und Neues Rathaus Kupfermuseum Ritterakademie Franziskanerkloster Gro\u00dfer Ring mit Heringsbuden alte Stadttore<\/p>\n","protected":false},"author":2,"featured_media":0,"parent":0,"menu_order":0,"comment_status":"closed","ping_status":"closed","template":"","meta":{"footnotes":""},"class_list":["post-566","page","type-page","status-publish","hentry"],"translation":{"provider":"WPGlobus","version":"3.0.2","language":"pl","enabled_languages":["de","fr","ja","el","cs","en","pl"],"languages":{"de":{"title":true,"content":true,"excerpt":false},"fr":{"title":false,"content":false,"excerpt":false},"ja":{"title":false,"content":false,"excerpt":false},"el":{"title":false,"content":false,"excerpt":false},"cs":{"title":false,"content":false,"excerpt":false},"en":{"title":false,"content":false,"excerpt":false},"pl":{"title":false,"content":false,"excerpt":false}}},"jetpack_sharing_enabled":true,"_links":{"self":[{"href":"https:\/\/spv-meissen.de\/pl\/wp-json\/wp\/v2\/pages\/566","targetHints":{"allow":["GET"]}}],"collection":[{"href":"https:\/\/spv-meissen.de\/pl\/wp-json\/wp\/v2\/pages"}],"about":[{"href":"https:\/\/spv-meissen.de\/pl\/wp-json\/wp\/v2\/types\/page"}],"author":[{"embeddable":true,"href":"https:\/\/spv-meissen.de\/pl\/wp-json\/wp\/v2\/users\/2"}],"replies":[{"embeddable":true,"href":"https:\/\/spv-meissen.de\/pl\/wp-json\/wp\/v2\/comments?post=566"}],"version-history":[{"count":4,"href":"https:\/\/spv-meissen.de\/pl\/wp-json\/wp\/v2\/pages\/566\/revisions"}],"predecessor-version":[{"id":2408,"href":"https:\/\/spv-meissen.de\/pl\/wp-json\/wp\/v2\/pages\/566\/revisions\/2408"}],"wp:attachment":[{"href":"https:\/\/spv-meissen.de\/pl\/wp-json\/wp\/v2\/media?parent=566"}],"curies":[{"name":"wp","href":"https:\/\/api.w.org\/{rel}","templated":true}]}}